{"id":14730,"date":"2022-12-06T20:41:22","date_gmt":"2022-12-06T18:41:22","guid":{"rendered":"https:\/\/thebestantique.com\/?post_type=product&#038;p=14730"},"modified":"2022-12-06T20:41:23","modified_gmt":"2022-12-06T18:41:23","slug":"an-interesting-silver-gilt-and-champleve-enamel-ashtray","status":"publish","type":"product","link":"https:\/\/thebestantique.com\/et\/product\/an-interesting-silver-gilt-and-champleve-enamel-ashtray\/","title":{"rendered":"Huvitav h\u00f5be-kullatud ja \u0161ampliv\u00e4rvi emailiga tuhatoos"},"content":{"rendered":"<p><span>Huvitav h\u00f5be-kullatud ja \u0161ampliv\u00e4rvi emailiga tuhatoos.\u00a0<\/span><span>Radke tegijate m\u00e4rk.\u00a0<\/span><span>Minsk, 1894. <\/span><\/p>\n<blockquote><p><span>Kaal: 150,6 g.\u00a0<\/span><\/p>\n<p><span>L\u00e4bim\u00f5\u00f5t: 11 cm.<\/span><\/p><\/blockquote>\n<p><\/p>","protected":false},"excerpt":{"rendered":"<p>Huvitav h\u00f5be-kullatud ja \u0161ampliv\u00e4rvi emailiga tuhatoos.\u00a0Radke tegijate m\u00e4rk.\u00a0Minsk, 1894. Kaal: 150,6 g.\u00a0 L\u00e4bim\u00f5\u00f5t: 11 cm.<\/p>\n","protected":false},"featured_media":14724,"comment_status":"closed","ping_status":"closed","template":"","meta":{"_exactmetrics_skip_tracking":false,"_exactmetrics_sitenote_active":false,"_exactmetrics_sitenote_note":"","_exactmetrics_sitenote_category":0,"_uf_show_specific_survey":0,"_uf_disable_surveys":false},"product_brand":[],"product_cat":[1803,220,6],"product_tag":[],"class_list":{"0":"post-14730","1":"product","2":"type-product","3":"status-publish","4":"has-post-thumbnail","6":"product_cat-cigarette-cases","7":"product_cat-russian-silver","8":"product_cat-silver","9":"product_shipping_class-free-shipping","11":"first","12":"instock","13":"shipping-taxable","14":"purchasable","15":"product-type-simple"},"aioseo_notices":[],"_links":{"self":[{"href":"https:\/\/thebestantique.com\/et\/wp-json\/wp\/v2\/product\/14730","targetHints":{"allow":["GET"]}}],"collection":[{"href":"https:\/\/thebestantique.com\/et\/wp-json\/wp\/v2\/product"}],"about":[{"href":"https:\/\/thebestantique.com\/et\/wp-json\/wp\/v2\/types\/product"}],"replies":[{"embeddable":true,"href":"https:\/\/thebestantique.com\/et\/wp-json\/wp\/v2\/comments?post=14730"}],"wp:featuredmedia":[{"embeddable":true,"href":"https:\/\/thebestantique.com\/et\/wp-json\/wp\/v2\/media\/14724"}],"wp:attachment":[{"href":"https:\/\/thebestantique.com\/et\/wp-json\/wp\/v2\/media?parent=14730"}],"wp:term":[{"taxonomy":"product_brand","embeddable":true,"href":"https:\/\/thebestantique.com\/et\/wp-json\/wp\/v2\/product_brand?post=14730"},{"taxonomy":"product_cat","embeddable":true,"href":"https:\/\/thebestantique.com\/et\/wp-json\/wp\/v2\/product_cat?post=14730"},{"taxonomy":"product_tag","embeddable":true,"href":"https:\/\/thebestantique.com\/et\/wp-json\/wp\/v2\/product_tag?post=14730"}],"curies":[{"name":"wp","href":"https:\/\/api.w.org\/{rel}","templated":true}]}}