{"id":14719,"date":"2022-12-06T20:36:16","date_gmt":"2022-12-06T18:36:16","guid":{"rendered":"https:\/\/thebestantique.com\/?post_type=product&#038;p=14719"},"modified":"2022-12-06T20:36:16","modified_gmt":"2022-12-06T18:36:16","slug":"a-russian-commemorative-cast-silver-ashtray-by-morozov","status":"publish","type":"product","link":"https:\/\/thebestantique.com\/et\/product\/a-russian-commemorative-cast-silver-ashtray-by-morozov\/","title":{"rendered":"Valatud h\u00f5bedast Vene m\u00e4lestussammas \u201cEskadrilli lahingulaev Nikolai I\u201d"},"content":{"rendered":"<p>Valatud h\u00f5bedast Vene m\u00e4lestussammas \u201cEskadrilli lahingulaev Nikolai I\u201d. Vene lahingulaev Emperor Nikolai I ehk \u201cIKI\u201d oli kuulsa Tsusima lahingu ajal Vaikse ookeani 3. eskadrilli lipulaev. M\u00e4rgitud Morozov kirillitsas koos keiserliku orderiga. Eduard Kourtmani tegija m\u00e4rk. Peterburi, 1899-1908.<\/p>\n<blockquote><p>M\u00f5\u00f5dud: 8,4 x 12 x 1 cm.<\/p>\n<p>Kaal: 175,2 g.<\/p><\/blockquote>\n<p><\/p>","protected":false},"excerpt":{"rendered":"<p>Valatud h\u00f5bedast Vene m\u00e4lestussammas \u201cEskadrilli lahingulaev Nikolai I\u201d. Vene lahingulaev Emperor Nikolai I ehk \u201cIKI\u201d oli kuulsa Tsusima lahingu ajal Vaikse ookeani 3. eskadrilli lipulaev. M\u00e4rgitud Morozov kirillitsas koos keiserliku orderiga. Eduard Kourtmani tegija m\u00e4rk. Peterburi, 1899-1908. M\u00f5\u00f5dud: 8,4 x 12 x 1 cm. Kaal: 175,2 g.<\/p>\n","protected":false},"featured_media":14720,"comment_status":"closed","ping_status":"closed","template":"","meta":{"_exactmetrics_skip_tracking":false,"_exactmetrics_sitenote_active":false,"_exactmetrics_sitenote_note":"","_exactmetrics_sitenote_category":0,"_uf_show_specific_survey":0,"_uf_disable_surveys":false},"product_brand":[],"product_cat":[1803,220,6],"product_tag":[],"class_list":{"0":"post-14719","1":"product","2":"type-product","3":"status-publish","4":"has-post-thumbnail","6":"product_cat-cigarette-cases","7":"product_cat-russian-silver","8":"product_cat-silver","9":"product_shipping_class-free-shipping","11":"first","12":"instock","13":"shipping-taxable","14":"purchasable","15":"product-type-simple"},"aioseo_notices":[],"_links":{"self":[{"href":"https:\/\/thebestantique.com\/et\/wp-json\/wp\/v2\/product\/14719","targetHints":{"allow":["GET"]}}],"collection":[{"href":"https:\/\/thebestantique.com\/et\/wp-json\/wp\/v2\/product"}],"about":[{"href":"https:\/\/thebestantique.com\/et\/wp-json\/wp\/v2\/types\/product"}],"replies":[{"embeddable":true,"href":"https:\/\/thebestantique.com\/et\/wp-json\/wp\/v2\/comments?post=14719"}],"wp:featuredmedia":[{"embeddable":true,"href":"https:\/\/thebestantique.com\/et\/wp-json\/wp\/v2\/media\/14720"}],"wp:attachment":[{"href":"https:\/\/thebestantique.com\/et\/wp-json\/wp\/v2\/media?parent=14719"}],"wp:term":[{"taxonomy":"product_brand","embeddable":true,"href":"https:\/\/thebestantique.com\/et\/wp-json\/wp\/v2\/product_brand?post=14719"},{"taxonomy":"product_cat","embeddable":true,"href":"https:\/\/thebestantique.com\/et\/wp-json\/wp\/v2\/product_cat?post=14719"},{"taxonomy":"product_tag","embeddable":true,"href":"https:\/\/thebestantique.com\/et\/wp-json\/wp\/v2\/product_tag?post=14719"}],"curies":[{"name":"wp","href":"https:\/\/api.w.org\/{rel}","templated":true}]}}