{"id":14710,"date":"2022-12-06T20:26:00","date_gmt":"2022-12-06T18:26:00","guid":{"rendered":"https:\/\/thebestantique.com\/?post_type=product&#038;p=14710"},"modified":"2022-12-06T20:26:01","modified_gmt":"2022-12-06T18:26:01","slug":"a-russian-presentation-silver-gilt-and-guilloche-enamel-cigarette-case-by-faberge","status":"publish","type":"product","link":"https:\/\/thebestantique.com\/et\/product\/a-russian-presentation-silver-gilt-and-guilloche-enamel-cigarette-case-by-faberge\/","title":{"rendered":"Faberge&#8217;i h\u00f5beda-kullatud ja giljo\u0161\u0161 emailiga sigareti\u00fcmbris"},"content":{"rendered":"<p><span class=\"goog-text-highlight\">Haruldane Vene keiserliku \u00f5ukonna esitlus h\u00f5bekullatud ja giljo\u0161\u0161 emailiga sigaretikarp, millel on teemantkinnitused.\u00a0<\/span><span class=\"\">Keiserliku \u00f5ukonna kullerteenistuse 100. aastap\u00e4eva auks.\u00a0<\/span><span>M\u00e4rgitud Faberge kirillitsas ja Imperial Warrant.\u00a0<\/span><span>Peterburi, 1903. <\/span><\/p>\n<blockquote><p><span>M\u00f5\u00f5dud: 9,5 x 6,5 x 2,2 cm.\u00a0<\/span><\/p>\n<p><span>Kaal: 160,2 g.<\/span><\/p><\/blockquote>\n<p><\/p>","protected":false},"excerpt":{"rendered":"<p>Haruldane Vene keiserliku \u00f5ukonna esitlus h\u00f5bekullatud ja giljo\u0161\u0161 emailiga sigaretikarp, millel on teemantkinnitused.\u00a0Keiserliku \u00f5ukonna kullerteenistuse 100. aastap\u00e4eva auks.\u00a0M\u00e4rgitud Faberge kirillitsas ja Imperial Warrant.\u00a0Peterburi, 1903. M\u00f5\u00f5dud: 9,5 x 6,5 x 2,2 cm.\u00a0 Kaal: 160,2 g.<\/p>\n","protected":false},"featured_media":14711,"comment_status":"closed","ping_status":"closed","template":"","meta":{"_exactmetrics_skip_tracking":false,"_exactmetrics_sitenote_active":false,"_exactmetrics_sitenote_note":"","_exactmetrics_sitenote_category":0,"_uf_show_specific_survey":0,"_uf_disable_surveys":false},"product_brand":[],"product_cat":[1803,220,6],"product_tag":[1804,164],"class_list":{"0":"post-14710","1":"product","2":"type-product","3":"status-publish","4":"has-post-thumbnail","6":"product_cat-cigarette-cases","7":"product_cat-russian-silver","8":"product_cat-silver","9":"product_tag-faberge","10":"product_tag-russian-silver","11":"product_shipping_class-free-shipping","13":"first","14":"instock","15":"shipping-taxable","16":"purchasable","17":"product-type-simple"},"aioseo_notices":[],"_links":{"self":[{"href":"https:\/\/thebestantique.com\/et\/wp-json\/wp\/v2\/product\/14710","targetHints":{"allow":["GET"]}}],"collection":[{"href":"https:\/\/thebestantique.com\/et\/wp-json\/wp\/v2\/product"}],"about":[{"href":"https:\/\/thebestantique.com\/et\/wp-json\/wp\/v2\/types\/product"}],"replies":[{"embeddable":true,"href":"https:\/\/thebestantique.com\/et\/wp-json\/wp\/v2\/comments?post=14710"}],"wp:featuredmedia":[{"embeddable":true,"href":"https:\/\/thebestantique.com\/et\/wp-json\/wp\/v2\/media\/14711"}],"wp:attachment":[{"href":"https:\/\/thebestantique.com\/et\/wp-json\/wp\/v2\/media?parent=14710"}],"wp:term":[{"taxonomy":"product_brand","embeddable":true,"href":"https:\/\/thebestantique.com\/et\/wp-json\/wp\/v2\/product_brand?post=14710"},{"taxonomy":"product_cat","embeddable":true,"href":"https:\/\/thebestantique.com\/et\/wp-json\/wp\/v2\/product_cat?post=14710"},{"taxonomy":"product_tag","embeddable":true,"href":"https:\/\/thebestantique.com\/et\/wp-json\/wp\/v2\/product_tag?post=14710"}],"curies":[{"name":"wp","href":"https:\/\/api.w.org\/{rel}","templated":true}]}}