{"id":14702,"date":"2022-12-06T17:36:26","date_gmt":"2022-12-06T15:36:26","guid":{"rendered":"https:\/\/thebestantique.com\/?post_type=product&#038;p=14702"},"modified":"2023-09-28T10:28:29","modified_gmt":"2023-09-28T08:28:29","slug":"a-faberge-commemorative-silver-gilt-and-guilloche-enamel-match-holder","status":"publish","type":"product","link":"https:\/\/thebestantique.com\/et\/product\/a-faberge-commemorative-silver-gilt-and-guilloche-enamel-match-holder\/","title":{"rendered":"Faberge h\u00f5be-kullatud ja giljo\u0161\u0161 emailiga tikuhoidja Vene m\u00e4lestuseks"},"content":{"rendered":"<p><span class=\"\">H\u00f5be-kullatud ja giljo\u0161\u0161 emailiga tikuhoidja vene m\u00e4lestuseks koos P\u00fcha J\u00fcri miniatuurse medaliga.\u00a0<\/span>Faberge&#8217;i juhtiva t\u00f6\u00f6meistri Henrik Wigstromi kaubam\u00e4rk.\u00a0Peterburi, 1908-1917.<\/p>\n<blockquote><p>M\u00f5\u00f5dud: 6,3 x 4 x 2,2 cm.<\/p>\n<p>Kaal: 75,7 g.<\/p><\/blockquote>\n<p><\/p>","protected":false},"excerpt":{"rendered":"<p>H\u00f5be-kullatud ja giljo\u0161\u0161 emailiga tikuhoidja vene m\u00e4lestuseks koos P\u00fcha J\u00fcri miniatuurse medaliga.\u00a0Faberge&#8217;i juhtiva t\u00f6\u00f6meistri Henrik Wigstromi kaubam\u00e4rk.\u00a0Peterburi, 1908-1917. M\u00f5\u00f5dud: 6,3 x 4 x 2,2 cm. Kaal: 75,7 g.<\/p>\n","protected":false},"featured_media":14703,"comment_status":"closed","ping_status":"closed","template":"","meta":{"_exactmetrics_skip_tracking":false,"_exactmetrics_sitenote_active":false,"_exactmetrics_sitenote_note":"","_exactmetrics_sitenote_category":0,"_uf_show_specific_survey":0,"_uf_disable_surveys":false},"product_brand":[],"product_cat":[421],"product_tag":[1804],"class_list":{"0":"post-14702","1":"product","2":"type-product","3":"status-publish","4":"has-post-thumbnail","6":"product_cat-sold-items","7":"product_tag-faberge","8":"product_shipping_class-free-shipping","10":"first","11":"outofstock","12":"shipping-taxable","13":"product-type-simple"},"aioseo_notices":[],"_links":{"self":[{"href":"https:\/\/thebestantique.com\/et\/wp-json\/wp\/v2\/product\/14702","targetHints":{"allow":["GET"]}}],"collection":[{"href":"https:\/\/thebestantique.com\/et\/wp-json\/wp\/v2\/product"}],"about":[{"href":"https:\/\/thebestantique.com\/et\/wp-json\/wp\/v2\/types\/product"}],"replies":[{"embeddable":true,"href":"https:\/\/thebestantique.com\/et\/wp-json\/wp\/v2\/comments?post=14702"}],"wp:featuredmedia":[{"embeddable":true,"href":"https:\/\/thebestantique.com\/et\/wp-json\/wp\/v2\/media\/14703"}],"wp:attachment":[{"href":"https:\/\/thebestantique.com\/et\/wp-json\/wp\/v2\/media?parent=14702"}],"wp:term":[{"taxonomy":"product_brand","embeddable":true,"href":"https:\/\/thebestantique.com\/et\/wp-json\/wp\/v2\/product_brand?post=14702"},{"taxonomy":"product_cat","embeddable":true,"href":"https:\/\/thebestantique.com\/et\/wp-json\/wp\/v2\/product_cat?post=14702"},{"taxonomy":"product_tag","embeddable":true,"href":"https:\/\/thebestantique.com\/et\/wp-json\/wp\/v2\/product_tag?post=14702"}],"curies":[{"name":"wp","href":"https:\/\/api.w.org\/{rel}","templated":true}]}}