{"id":14687,"date":"2022-12-06T17:11:34","date_gmt":"2022-12-06T15:11:34","guid":{"rendered":"https:\/\/thebestantique.com\/?post_type=product&#038;p=14687"},"modified":"2022-12-06T17:14:41","modified_gmt":"2022-12-06T15:14:41","slug":"a-russian-silver-gilt-and-lacquered-enamel-beaker-with-a-sadko-scene","status":"publish","type":"product","link":"https:\/\/thebestantique.com\/et\/product\/a-russian-silver-gilt-and-lacquered-enamel-beaker-with-a-sadko-scene\/","title":{"rendered":"Vene h\u00f5be-kullatud ja lakitud emailiga keeduklaas \u201cSadko\u201d stseeniga"},"content":{"rendered":"<p><span>Vene h\u00f5be-kullatud ja lakitud emailiga keeduklaas \u201cSadko\u201d stseeniga.\u00a0<\/span><span>Tegija Timofey Keskese m\u00e4rk, kes t\u00f6\u00f6tas ka kuulsa Sazikovi firmaga.\u00a0<\/span><span>Peterburi, 1891. <\/span><\/p>\n<blockquote><p><span>Kaal: 130 g.\u00a0<\/span><\/p>\n<p><span>K\u00f5rgus: 10,6 cm.<\/span><\/p><\/blockquote>\n<p><\/p>","protected":false},"excerpt":{"rendered":"<p>Vene h\u00f5be-kullatud ja lakitud emailiga keeduklaas \u201cSadko\u201d stseeniga.\u00a0Tegija Timofey Keskese m\u00e4rk, kes t\u00f6\u00f6tas ka kuulsa Sazikovi firmaga.\u00a0Peterburi, 1891. Kaal: 130 g.\u00a0 K\u00f5rgus: 10,6 cm.<\/p>\n","protected":false},"featured_media":14688,"comment_status":"closed","ping_status":"closed","template":"","meta":{"_exactmetrics_skip_tracking":false,"_exactmetrics_sitenote_active":false,"_exactmetrics_sitenote_note":"","_exactmetrics_sitenote_category":0,"_uf_show_specific_survey":0,"_uf_disable_surveys":false},"product_brand":[],"product_cat":[221,220,6],"product_tag":[],"class_list":{"0":"post-14687","1":"product","2":"type-product","3":"status-publish","4":"has-post-thumbnail","6":"product_cat-flatware-and-serving-pieces","7":"product_cat-russian-silver","8":"product_cat-silver","9":"product_shipping_class-small-item-0-500-g","11":"first","12":"instock","13":"shipping-taxable","14":"purchasable","15":"product-type-simple"},"aioseo_notices":[],"_links":{"self":[{"href":"https:\/\/thebestantique.com\/et\/wp-json\/wp\/v2\/product\/14687","targetHints":{"allow":["GET"]}}],"collection":[{"href":"https:\/\/thebestantique.com\/et\/wp-json\/wp\/v2\/product"}],"about":[{"href":"https:\/\/thebestantique.com\/et\/wp-json\/wp\/v2\/types\/product"}],"replies":[{"embeddable":true,"href":"https:\/\/thebestantique.com\/et\/wp-json\/wp\/v2\/comments?post=14687"}],"wp:featuredmedia":[{"embeddable":true,"href":"https:\/\/thebestantique.com\/et\/wp-json\/wp\/v2\/media\/14688"}],"wp:attachment":[{"href":"https:\/\/thebestantique.com\/et\/wp-json\/wp\/v2\/media?parent=14687"}],"wp:term":[{"taxonomy":"product_brand","embeddable":true,"href":"https:\/\/thebestantique.com\/et\/wp-json\/wp\/v2\/product_brand?post=14687"},{"taxonomy":"product_cat","embeddable":true,"href":"https:\/\/thebestantique.com\/et\/wp-json\/wp\/v2\/product_cat?post=14687"},{"taxonomy":"product_tag","embeddable":true,"href":"https:\/\/thebestantique.com\/et\/wp-json\/wp\/v2\/product_tag?post=14687"}],"curies":[{"name":"wp","href":"https:\/\/api.w.org\/{rel}","templated":true}]}}