{"id":14679,"date":"2022-12-06T16:27:10","date_gmt":"2022-12-06T14:27:10","guid":{"rendered":"https:\/\/thebestantique.com\/?post_type=product&#038;p=14679"},"modified":"2022-12-07T14:22:20","modified_gmt":"2022-12-07T12:22:20","slug":"p-ovchinnikov-complete-russian-silver-gilt-tea-set","status":"publish","type":"product","link":"https:\/\/thebestantique.com\/et\/product\/p-ovchinnikov-complete-russian-silver-gilt-tea-set\/","title":{"rendered":"P. Ovt\u0161innikovi t\u00e4ielik vene h\u00f5be-kullatud teekomplekt"},"content":{"rendered":"<p>Vene t\u00e4ielik h\u00f5beda-kullatud teekomplekt originaalses puidust reisikohvris.\u00a0M\u00e4rgitud P. Ovt\u0161innikov kirillitsas keiserliku orderiga.\u00a0Peterburi, 1895.<\/p>\n<blockquote><p>H\u00f5beda kaal: 1302 g<\/p>\n<p>Teekannu k\u00f5rgus: 14 cm.<\/p>\n<p>Karbi m\u00f5\u00f5dud: 30,5 x 50,5 x 14 cm.<\/p><\/blockquote>\n<p><\/p>","protected":false},"excerpt":{"rendered":"<p>Vene t\u00e4ielik h\u00f5beda-kullatud teekomplekt originaalses puidust reisikohvris.\u00a0M\u00e4rgitud P. Ovt\u0161innikov kirillitsas keiserliku orderiga.\u00a0Peterburi, 1895. H\u00f5beda kaal: 1302 g Teekannu k\u00f5rgus: 14 cm. Karbi m\u00f5\u00f5dud: 30,5 x 50,5 x 14 cm.<\/p>\n","protected":false},"featured_media":14680,"comment_status":"closed","ping_status":"closed","template":"","meta":{"_exactmetrics_skip_tracking":false,"_exactmetrics_sitenote_active":false,"_exactmetrics_sitenote_note":"","_exactmetrics_sitenote_category":0,"_uf_show_specific_survey":0,"_uf_disable_surveys":false},"product_brand":[],"product_cat":[221,220,6],"product_tag":[],"class_list":{"0":"post-14679","1":"product","2":"type-product","3":"status-publish","4":"has-post-thumbnail","6":"product_cat-flatware-and-serving-pieces","7":"product_cat-russian-silver","8":"product_cat-silver","9":"product_shipping_class-big-item-1500-3000-g","11":"first","12":"instock","13":"shipping-taxable","14":"purchasable","15":"product-type-simple"},"aioseo_notices":[],"_links":{"self":[{"href":"https:\/\/thebestantique.com\/et\/wp-json\/wp\/v2\/product\/14679","targetHints":{"allow":["GET"]}}],"collection":[{"href":"https:\/\/thebestantique.com\/et\/wp-json\/wp\/v2\/product"}],"about":[{"href":"https:\/\/thebestantique.com\/et\/wp-json\/wp\/v2\/types\/product"}],"replies":[{"embeddable":true,"href":"https:\/\/thebestantique.com\/et\/wp-json\/wp\/v2\/comments?post=14679"}],"wp:featuredmedia":[{"embeddable":true,"href":"https:\/\/thebestantique.com\/et\/wp-json\/wp\/v2\/media\/14680"}],"wp:attachment":[{"href":"https:\/\/thebestantique.com\/et\/wp-json\/wp\/v2\/media?parent=14679"}],"wp:term":[{"taxonomy":"product_brand","embeddable":true,"href":"https:\/\/thebestantique.com\/et\/wp-json\/wp\/v2\/product_brand?post=14679"},{"taxonomy":"product_cat","embeddable":true,"href":"https:\/\/thebestantique.com\/et\/wp-json\/wp\/v2\/product_cat?post=14679"},{"taxonomy":"product_tag","embeddable":true,"href":"https:\/\/thebestantique.com\/et\/wp-json\/wp\/v2\/product_tag?post=14679"}],"curies":[{"name":"wp","href":"https:\/\/api.w.org\/{rel}","templated":true}]}}