{"id":14652,"date":"2022-12-06T15:57:58","date_gmt":"2022-12-06T13:57:58","guid":{"rendered":"https:\/\/thebestantique.com\/?post_type=product&#038;p=14652"},"modified":"2022-12-07T14:39:17","modified_gmt":"2022-12-07T12:39:17","slug":"an-interesting-russian-silver-gilt-set-for-delicacies-in-the-original-case","status":"publish","type":"product","link":"https:\/\/thebestantique.com\/et\/product\/an-interesting-russian-silver-gilt-set-for-delicacies-in-the-original-case\/","title":{"rendered":"Huvitav vene h\u00f5be-kullatud komplekt h\u00f5rgutiste jaoks originaalkarbis"},"content":{"rendered":"<p><span class=\"\">Huvitav vene h\u00f5be-kullatud komplekt h\u00f5rgutiste jaoks originaalkarbis.\u00a0<\/span>Koosneb: kaaviari kellu, kaaviari nuga, juustunoa ja 2 teokahvliga.\u00a0M\u00e4rgistatud HG.\u00a0Peterburi, 19. sajandi l\u00f5pp.\u00a0M\u00fc\u00fca Reval (Tallinn) Eesti juveelipoes.<\/p>\n<blockquote><p>Karbi m\u00f5\u00f5dud: 20,5 x 27 x 4,5 cm.<\/p><\/blockquote>\n<p><\/p>","protected":false},"excerpt":{"rendered":"<p>Huvitav vene h\u00f5be-kullatud komplekt h\u00f5rgutiste jaoks originaalkarbis.\u00a0Koosneb: kaaviari kellu, kaaviari nuga, juustunoa ja 2 teokahvliga.\u00a0M\u00e4rgistatud HG.\u00a0Peterburi, 19. sajandi l\u00f5pp.\u00a0M\u00fc\u00fca Reval (Tallinn) Eesti juveelipoes. Karbi m\u00f5\u00f5dud: 20,5 x 27 x 4,5 cm.<\/p>\n","protected":false},"featured_media":14653,"comment_status":"closed","ping_status":"closed","template":"","meta":{"_exactmetrics_skip_tracking":false,"_exactmetrics_sitenote_active":false,"_exactmetrics_sitenote_note":"","_exactmetrics_sitenote_category":0,"_uf_show_specific_survey":0,"_uf_disable_surveys":false},"product_brand":[],"product_cat":[221,220,6],"product_tag":[],"class_list":{"0":"post-14652","1":"product","2":"type-product","3":"status-publish","4":"has-post-thumbnail","6":"product_cat-flatware-and-serving-pieces","7":"product_cat-russian-silver","8":"product_cat-silver","9":"product_shipping_class-small-item-0-500-g","11":"first","12":"instock","13":"shipping-taxable","14":"purchasable","15":"product-type-simple"},"aioseo_notices":[],"_links":{"self":[{"href":"https:\/\/thebestantique.com\/et\/wp-json\/wp\/v2\/product\/14652","targetHints":{"allow":["GET"]}}],"collection":[{"href":"https:\/\/thebestantique.com\/et\/wp-json\/wp\/v2\/product"}],"about":[{"href":"https:\/\/thebestantique.com\/et\/wp-json\/wp\/v2\/types\/product"}],"replies":[{"embeddable":true,"href":"https:\/\/thebestantique.com\/et\/wp-json\/wp\/v2\/comments?post=14652"}],"wp:featuredmedia":[{"embeddable":true,"href":"https:\/\/thebestantique.com\/et\/wp-json\/wp\/v2\/media\/14653"}],"wp:attachment":[{"href":"https:\/\/thebestantique.com\/et\/wp-json\/wp\/v2\/media?parent=14652"}],"wp:term":[{"taxonomy":"product_brand","embeddable":true,"href":"https:\/\/thebestantique.com\/et\/wp-json\/wp\/v2\/product_brand?post=14652"},{"taxonomy":"product_cat","embeddable":true,"href":"https:\/\/thebestantique.com\/et\/wp-json\/wp\/v2\/product_cat?post=14652"},{"taxonomy":"product_tag","embeddable":true,"href":"https:\/\/thebestantique.com\/et\/wp-json\/wp\/v2\/product_tag?post=14652"}],"curies":[{"name":"wp","href":"https:\/\/api.w.org\/{rel}","templated":true}]}}