{"id":14631,"date":"2022-12-06T14:44:34","date_gmt":"2022-12-06T12:44:34","guid":{"rendered":"https:\/\/thebestantique.com\/?post_type=product&#038;p=14631"},"modified":"2025-12-02T12:14:29","modified_gmt":"2025-12-02T10:14:29","slug":"european-antique-romantic-dagger-with-executioner","status":"publish","type":"product","link":"https:\/\/thebestantique.com\/et\/product\/european-antique-romantic-dagger-with-executioner\/","title":{"rendered":"Euroopa antiikne romantiline pistoda koos timukaga"},"content":{"rendered":"<p>Euroopa antiikne romantiline pistoda koos timukaga. T\u00f5en\u00e4oliselt kuulus see timukale. 19. sajand.<\/p>\n<blockquote><p>M\u00f5\u00f5dud: Kogupikkus: 22,5 cm, tera pikkus: 10,6 cm, tera laius: 0,9 cm<\/p><\/blockquote>\n<p><\/p>","protected":false},"excerpt":{"rendered":"<p>Euroopa antiikne romantiline pistoda koos timukaga. T\u00f5en\u00e4oliselt kuulus see timukale. 19. sajand. M\u00f5\u00f5dud: Kogupikkus: 22,5 cm, tera pikkus: 10,6 cm, tera laius: 0,9 cm<\/p>\n","protected":false},"featured_media":14632,"comment_status":"closed","ping_status":"closed","template":"","meta":{"_exactmetrics_skip_tracking":false,"_exactmetrics_sitenote_active":false,"_exactmetrics_sitenote_note":"","_exactmetrics_sitenote_category":0,"_uf_show_specific_survey":0,"_uf_disable_surveys":false},"product_brand":[],"product_cat":[421],"product_tag":[],"class_list":{"0":"post-14631","1":"product","2":"type-product","3":"status-publish","4":"has-post-thumbnail","6":"product_cat-sold-items","7":"product_shipping_class-small-item-0-500-g","9":"first","10":"outofstock","11":"sold-individually","12":"shipping-taxable","13":"purchasable","14":"product-type-simple"},"aioseo_notices":[],"_links":{"self":[{"href":"https:\/\/thebestantique.com\/et\/wp-json\/wp\/v2\/product\/14631","targetHints":{"allow":["GET"]}}],"collection":[{"href":"https:\/\/thebestantique.com\/et\/wp-json\/wp\/v2\/product"}],"about":[{"href":"https:\/\/thebestantique.com\/et\/wp-json\/wp\/v2\/types\/product"}],"replies":[{"embeddable":true,"href":"https:\/\/thebestantique.com\/et\/wp-json\/wp\/v2\/comments?post=14631"}],"wp:featuredmedia":[{"embeddable":true,"href":"https:\/\/thebestantique.com\/et\/wp-json\/wp\/v2\/media\/14632"}],"wp:attachment":[{"href":"https:\/\/thebestantique.com\/et\/wp-json\/wp\/v2\/media?parent=14631"}],"wp:term":[{"taxonomy":"product_brand","embeddable":true,"href":"https:\/\/thebestantique.com\/et\/wp-json\/wp\/v2\/product_brand?post=14631"},{"taxonomy":"product_cat","embeddable":true,"href":"https:\/\/thebestantique.com\/et\/wp-json\/wp\/v2\/product_cat?post=14631"},{"taxonomy":"product_tag","embeddable":true,"href":"https:\/\/thebestantique.com\/et\/wp-json\/wp\/v2\/product_tag?post=14631"}],"curies":[{"name":"wp","href":"https:\/\/api.w.org\/{rel}","templated":true}]}}