{"id":14535,"date":"2022-08-19T12:28:39","date_gmt":"2022-08-19T10:28:39","guid":{"rendered":"https:\/\/thebestantique.com\/?post_type=product&#038;p=14535"},"modified":"2022-08-22T09:57:10","modified_gmt":"2022-08-22T07:57:10","slug":"french-bronze-sculpture-with-the-knight-on-a-marble-base","status":"publish","type":"product","link":"https:\/\/thebestantique.com\/et\/product\/french-bronze-sculpture-with-the-knight-on-a-marble-base\/","title":{"rendered":"Prantsuse pronksskulptuur r\u00fc\u00fctliga marmoralusel"},"content":{"rendered":"<p>Prantsuse pronksskulptuur r\u00fc\u00fctliga marmoralusel.<\/p>\n<p>Claude MICHEL CLODIONI (1738-1814)<\/p>\n<blockquote><p>K\u00f5rgus: 34 cm. koos alusega.<\/p><\/blockquote>\n<p><\/p>","protected":false},"excerpt":{"rendered":"<p>Prantsuse pronksskulptuur r\u00fc\u00fctliga marmoralusel.<\/p>\n<p>Claude MICHEL CLODIONI (1738-1814)<\/p>\n<blockquote><p>K\u00f5rgus: 34 cm. koos alusega.<\/p><\/blockquote>\n","protected":false},"featured_media":14572,"comment_status":"closed","ping_status":"closed","template":"","meta":{"_exactmetrics_skip_tracking":false,"_exactmetrics_sitenote_active":false,"_exactmetrics_sitenote_note":"","_exactmetrics_sitenote_category":0,"_uf_show_specific_survey":0,"_uf_disable_surveys":false},"product_brand":[],"product_cat":[12],"product_tag":[],"class_list":{"0":"post-14535","1":"product","2":"type-product","3":"status-publish","4":"has-post-thumbnail","6":"product_cat-bronze","7":"product_shipping_class-average-item-500-1500-g","9":"first","10":"instock","11":"shipping-taxable","12":"purchasable","13":"product-type-simple"},"aioseo_notices":[],"_links":{"self":[{"href":"https:\/\/thebestantique.com\/et\/wp-json\/wp\/v2\/product\/14535","targetHints":{"allow":["GET"]}}],"collection":[{"href":"https:\/\/thebestantique.com\/et\/wp-json\/wp\/v2\/product"}],"about":[{"href":"https:\/\/thebestantique.com\/et\/wp-json\/wp\/v2\/types\/product"}],"replies":[{"embeddable":true,"href":"https:\/\/thebestantique.com\/et\/wp-json\/wp\/v2\/comments?post=14535"}],"wp:featuredmedia":[{"embeddable":true,"href":"https:\/\/thebestantique.com\/et\/wp-json\/wp\/v2\/media\/14572"}],"wp:attachment":[{"href":"https:\/\/thebestantique.com\/et\/wp-json\/wp\/v2\/media?parent=14535"}],"wp:term":[{"taxonomy":"product_brand","embeddable":true,"href":"https:\/\/thebestantique.com\/et\/wp-json\/wp\/v2\/product_brand?post=14535"},{"taxonomy":"product_cat","embeddable":true,"href":"https:\/\/thebestantique.com\/et\/wp-json\/wp\/v2\/product_cat?post=14535"},{"taxonomy":"product_tag","embeddable":true,"href":"https:\/\/thebestantique.com\/et\/wp-json\/wp\/v2\/product_tag?post=14535"}],"curies":[{"name":"wp","href":"https:\/\/api.w.org\/{rel}","templated":true}]}}