{"id":14529,"date":"2022-08-01T13:30:49","date_gmt":"2022-08-01T11:30:49","guid":{"rendered":"https:\/\/thebestantique.com\/?post_type=product&#038;p=14529"},"modified":"2026-01-11T11:59:40","modified_gmt":"2026-01-11T09:59:40","slug":"russian-gold-and-saffian-leather-box-for-rings-with-engraved-imperial-crown","status":"publish","type":"product","link":"https:\/\/thebestantique.com\/et\/product\/russian-gold-and-saffian-leather-box-for-rings-with-engraved-imperial-crown\/","title":{"rendered":"Vene kuldkarp. Marok\u00e4\u00e4nnahk, surutr\u00fckk(kujutis pressitakse k\u00f6itematerjalisse), kuld, graveering"},"content":{"rendered":"<p>Vene kuldkarp. Marok\u00e4\u00e4nnahk, surutr\u00fckk(kujutis pressitakse k\u00f6itematerjalisse), kuld, graveering.<\/p>\n<blockquote><p>M\u00f5\u00f5dud: 4.5 x 3 cm.<\/p>\n<p>Kaal: 43 g.<\/p><\/blockquote>\n<p><\/p>","protected":false},"excerpt":{"rendered":"<p>Vene kuldkarp. Marok\u00e4\u00e4nnahk, surutr\u00fckk(kujutis pressitakse k\u00f6itematerjalisse), kuld, graveering.<\/p>\n<blockquote><p>M\u00f5\u00f5dud: 4.5 x 3 cm.<\/p>\n<p>Kaal: 43 g.<\/p><\/blockquote>\n","protected":false},"featured_media":14530,"comment_status":"closed","ping_status":"closed","template":"","meta":{"_exactmetrics_skip_tracking":false,"_exactmetrics_sitenote_active":false,"_exactmetrics_sitenote_note":"","_exactmetrics_sitenote_category":0,"_uf_show_specific_survey":0,"_uf_disable_surveys":false},"product_brand":[],"product_cat":[421],"product_tag":[],"class_list":{"0":"post-14529","1":"product","2":"type-product","3":"status-publish","4":"has-post-thumbnail","6":"product_cat-sold-items","7":"product_shipping_class-small-item-0-500-g","9":"first","10":"outofstock","11":"shipping-taxable","12":"purchasable","13":"product-type-simple"},"aioseo_notices":[],"_links":{"self":[{"href":"https:\/\/thebestantique.com\/et\/wp-json\/wp\/v2\/product\/14529","targetHints":{"allow":["GET"]}}],"collection":[{"href":"https:\/\/thebestantique.com\/et\/wp-json\/wp\/v2\/product"}],"about":[{"href":"https:\/\/thebestantique.com\/et\/wp-json\/wp\/v2\/types\/product"}],"replies":[{"embeddable":true,"href":"https:\/\/thebestantique.com\/et\/wp-json\/wp\/v2\/comments?post=14529"}],"wp:featuredmedia":[{"embeddable":true,"href":"https:\/\/thebestantique.com\/et\/wp-json\/wp\/v2\/media\/14530"}],"wp:attachment":[{"href":"https:\/\/thebestantique.com\/et\/wp-json\/wp\/v2\/media?parent=14529"}],"wp:term":[{"taxonomy":"product_brand","embeddable":true,"href":"https:\/\/thebestantique.com\/et\/wp-json\/wp\/v2\/product_brand?post=14529"},{"taxonomy":"product_cat","embeddable":true,"href":"https:\/\/thebestantique.com\/et\/wp-json\/wp\/v2\/product_cat?post=14529"},{"taxonomy":"product_tag","embeddable":true,"href":"https:\/\/thebestantique.com\/et\/wp-json\/wp\/v2\/product_tag?post=14529"}],"curies":[{"name":"wp","href":"https:\/\/api.w.org\/{rel}","templated":true}]}}