{"id":14524,"date":"2022-08-01T13:10:24","date_gmt":"2022-08-01T11:10:24","guid":{"rendered":"https:\/\/thebestantique.com\/?post_type=product&#038;p=14524"},"modified":"2025-03-11T12:35:17","modified_gmt":"2025-03-11T10:35:17","slug":"russian-silver-gilt-and-guilloche-enamel-snuff-box-odessa-1908-1917","status":"publish","type":"product","link":"https:\/\/thebestantique.com\/et\/product\/russian-silver-gilt-and-guilloche-enamel-snuff-box-odessa-1908-1917\/","title":{"rendered":"Miniatuurne h\u00f5be karp. H\u00f5be, kullatud, emailitud. Odessa, 1908-1917"},"content":{"rendered":"<p>Miniatuurne h\u00f5be karp. H\u00f5be, kullatud, emailitud. Odessa, 1908-1917.<\/p>\n<blockquote><p>M\u00f5\u00f5dud: 4.6 \u0445 1.2 cm.<\/p>\n<p>Kaal: 30 g.<\/p><\/blockquote>\n<p><\/p>","protected":false},"excerpt":{"rendered":"<p>Miniatuurne h\u00f5be karp. H\u00f5be, kullatud, emailitud. Odessa, 1908-1917.<\/p>\n<blockquote><p>M\u00f5\u00f5dud: 4.6 \u0445 1.2 cm.<\/p>\n<p>Kaal: 30 g.<\/p><\/blockquote>\n","protected":false},"featured_media":14525,"comment_status":"closed","ping_status":"closed","template":"","meta":{"_exactmetrics_skip_tracking":false,"_exactmetrics_sitenote_active":false,"_exactmetrics_sitenote_note":"","_exactmetrics_sitenote_category":0,"_uf_show_specific_survey":0,"_uf_disable_surveys":false},"product_brand":[],"product_cat":[421],"product_tag":[],"class_list":{"0":"post-14524","1":"product","2":"type-product","3":"status-publish","4":"has-post-thumbnail","6":"product_cat-sold-items","7":"product_shipping_class-small-item-0-500-g","9":"first","10":"instock","11":"shipping-taxable","12":"purchasable","13":"product-type-simple"},"aioseo_notices":[],"_links":{"self":[{"href":"https:\/\/thebestantique.com\/et\/wp-json\/wp\/v2\/product\/14524","targetHints":{"allow":["GET"]}}],"collection":[{"href":"https:\/\/thebestantique.com\/et\/wp-json\/wp\/v2\/product"}],"about":[{"href":"https:\/\/thebestantique.com\/et\/wp-json\/wp\/v2\/types\/product"}],"replies":[{"embeddable":true,"href":"https:\/\/thebestantique.com\/et\/wp-json\/wp\/v2\/comments?post=14524"}],"wp:featuredmedia":[{"embeddable":true,"href":"https:\/\/thebestantique.com\/et\/wp-json\/wp\/v2\/media\/14525"}],"wp:attachment":[{"href":"https:\/\/thebestantique.com\/et\/wp-json\/wp\/v2\/media?parent=14524"}],"wp:term":[{"taxonomy":"product_brand","embeddable":true,"href":"https:\/\/thebestantique.com\/et\/wp-json\/wp\/v2\/product_brand?post=14524"},{"taxonomy":"product_cat","embeddable":true,"href":"https:\/\/thebestantique.com\/et\/wp-json\/wp\/v2\/product_cat?post=14524"},{"taxonomy":"product_tag","embeddable":true,"href":"https:\/\/thebestantique.com\/et\/wp-json\/wp\/v2\/product_tag?post=14524"}],"curies":[{"name":"wp","href":"https:\/\/api.w.org\/{rel}","templated":true}]}}