{"id":14516,"date":"2022-08-01T12:41:42","date_gmt":"2022-08-01T10:41:42","guid":{"rendered":"https:\/\/thebestantique.com\/?post_type=product&#038;p=14516"},"modified":"2022-08-01T12:41:42","modified_gmt":"2022-08-01T10:41:42","slug":"lacquer-plaque-with-two-childs","status":"publish","type":"product","link":"https:\/\/thebestantique.com\/et\/product\/lacquer-plaque-with-two-childs\/","title":{"rendered":"Vene dekoratiivne plaadike. Maaling tsingil. Poola. Autor: M. Stempkovskaja. 1889"},"content":{"rendered":"<p>Vene dekoratiivne plaadike. Maaling tsingil. Poola. Autor: M. Stempkovskaja. 1889.<\/p>\n<blockquote><p>\u00dcldm\u00f5\u00f5t: 27 x 20 cm.,<\/p>\n<p>plaadike: 11.5 x 10 cm.<\/p><\/blockquote>\n<p><\/p>","protected":false},"excerpt":{"rendered":"<p>Vene dekoratiivne plaadike. Maaling tsingil. Poola. Autor: M. Stempkovskaja. 1889.<\/p>\n<blockquote><p>\u00dcldm\u00f5\u00f5t: 27 x 20 cm.,<\/p>\n<p>plaadike: 11.5 x 10 cm.<\/p><\/blockquote>\n","protected":false},"featured_media":14517,"comment_status":"closed","ping_status":"closed","template":"","meta":{"_exactmetrics_skip_tracking":false,"_exactmetrics_sitenote_active":false,"_exactmetrics_sitenote_note":"","_exactmetrics_sitenote_category":0,"_uf_show_specific_survey":0,"_uf_disable_surveys":false},"product_brand":[],"product_cat":[291,332],"product_tag":[],"class_list":{"0":"post-14516","1":"product","2":"type-product","3":"status-publish","4":"has-post-thumbnail","6":"product_cat-other","7":"product_cat-paintings","8":"product_shipping_class-average-item-500-1500-g","10":"first","11":"instock","12":"shipping-taxable","13":"purchasable","14":"product-type-simple"},"aioseo_notices":[],"_links":{"self":[{"href":"https:\/\/thebestantique.com\/et\/wp-json\/wp\/v2\/product\/14516","targetHints":{"allow":["GET"]}}],"collection":[{"href":"https:\/\/thebestantique.com\/et\/wp-json\/wp\/v2\/product"}],"about":[{"href":"https:\/\/thebestantique.com\/et\/wp-json\/wp\/v2\/types\/product"}],"replies":[{"embeddable":true,"href":"https:\/\/thebestantique.com\/et\/wp-json\/wp\/v2\/comments?post=14516"}],"wp:featuredmedia":[{"embeddable":true,"href":"https:\/\/thebestantique.com\/et\/wp-json\/wp\/v2\/media\/14517"}],"wp:attachment":[{"href":"https:\/\/thebestantique.com\/et\/wp-json\/wp\/v2\/media?parent=14516"}],"wp:term":[{"taxonomy":"product_brand","embeddable":true,"href":"https:\/\/thebestantique.com\/et\/wp-json\/wp\/v2\/product_brand?post=14516"},{"taxonomy":"product_cat","embeddable":true,"href":"https:\/\/thebestantique.com\/et\/wp-json\/wp\/v2\/product_cat?post=14516"},{"taxonomy":"product_tag","embeddable":true,"href":"https:\/\/thebestantique.com\/et\/wp-json\/wp\/v2\/product_tag?post=14516"}],"curies":[{"name":"wp","href":"https:\/\/api.w.org\/{rel}","templated":true}]}}