{"id":14510,"date":"2022-07-29T15:07:12","date_gmt":"2022-07-29T13:07:12","guid":{"rendered":"https:\/\/thebestantique.com\/?post_type=product&#038;p=14510"},"modified":"2022-10-03T12:16:18","modified_gmt":"2022-10-03T10:16:18","slug":"russian-silver-and-guilloche-enamel-snuff-box-g-wigstrem-workshop","status":"publish","type":"product","link":"https:\/\/thebestantique.com\/et\/product\/russian-silver-and-guilloche-enamel-snuff-box-g-wigstrem-workshop\/","title":{"rendered":"Vene h\u00f5bedast ja giljo\u0161\u0161 emailiga nuusktubakas.\u00a0G. Wigstremi t\u00f6\u00f6koda"},"content":{"rendered":"<p><span class=\"\">Vene h\u00f5bedast ja giljo\u0161\u0161 emailiga nuusktubakas.\u00a0<\/span><span>G. Wigstremi t\u00f6\u00f6koda.\u00a0<\/span><span>Peterburi, 1908-1917.\u00a0<\/span><\/p>\n<blockquote><p><span>M\u00f5\u00f5dud: 40 x 11 mm.<\/span><\/p><\/blockquote>\n<p><\/p>","protected":false},"excerpt":{"rendered":"<p><span class=\"\">Vene h\u00f5bedast ja giljo\u0161\u0161 emailiga nuusktubakas.\u00a0<\/span>G. Wigstremi t\u00f6\u00f6koda.\u00a0Peterburi, 1908-1917.<\/p>\n<blockquote><p>M\u00f5\u00f5dud: 40 x 11 mm.<\/p><\/blockquote>\n","protected":false},"featured_media":14514,"comment_status":"closed","ping_status":"closed","template":"","meta":{"_exactmetrics_skip_tracking":false,"_exactmetrics_sitenote_active":false,"_exactmetrics_sitenote_note":"","_exactmetrics_sitenote_category":0,"_uf_show_specific_survey":0,"_uf_disable_surveys":false},"product_brand":[],"product_cat":[421],"product_tag":[],"class_list":{"0":"post-14510","1":"product","2":"type-product","3":"status-publish","4":"has-post-thumbnail","6":"product_cat-sold-items","7":"product_shipping_class-small-item-0-500-g","9":"first","10":"outofstock","11":"shipping-taxable","12":"product-type-simple"},"aioseo_notices":[],"_links":{"self":[{"href":"https:\/\/thebestantique.com\/et\/wp-json\/wp\/v2\/product\/14510","targetHints":{"allow":["GET"]}}],"collection":[{"href":"https:\/\/thebestantique.com\/et\/wp-json\/wp\/v2\/product"}],"about":[{"href":"https:\/\/thebestantique.com\/et\/wp-json\/wp\/v2\/types\/product"}],"replies":[{"embeddable":true,"href":"https:\/\/thebestantique.com\/et\/wp-json\/wp\/v2\/comments?post=14510"}],"wp:featuredmedia":[{"embeddable":true,"href":"https:\/\/thebestantique.com\/et\/wp-json\/wp\/v2\/media\/14514"}],"wp:attachment":[{"href":"https:\/\/thebestantique.com\/et\/wp-json\/wp\/v2\/media?parent=14510"}],"wp:term":[{"taxonomy":"product_brand","embeddable":true,"href":"https:\/\/thebestantique.com\/et\/wp-json\/wp\/v2\/product_brand?post=14510"},{"taxonomy":"product_cat","embeddable":true,"href":"https:\/\/thebestantique.com\/et\/wp-json\/wp\/v2\/product_cat?post=14510"},{"taxonomy":"product_tag","embeddable":true,"href":"https:\/\/thebestantique.com\/et\/wp-json\/wp\/v2\/product_tag?post=14510"}],"curies":[{"name":"wp","href":"https:\/\/api.w.org\/{rel}","templated":true}]}}