{"id":14490,"date":"2022-07-29T13:09:51","date_gmt":"2022-07-29T11:09:51","guid":{"rendered":"https:\/\/thebestantique.com\/?post_type=product&#038;p=14490"},"modified":"2022-07-29T13:09:52","modified_gmt":"2022-07-29T11:09:52","slug":"russian-silver-and-leather-notepad-bogatyr","status":"publish","type":"product","link":"https:\/\/thebestantique.com\/et\/product\/russian-silver-and-leather-notepad-bogatyr\/","title":{"rendered":"Vene h\u00f5bedast ja nahast m\u00e4rkmik \u201cBogatyr\u201d"},"content":{"rendered":"<p><span class=\"\">Vene h\u00f5bedast ja nahast m\u00e4rkmik \u201cBogatyr\u201d.\u00a0<\/span>I. Butuzovi tegijam\u00e4rk.\u00a0Moskva, 1908-1917.<\/p>\n<blockquote><p>H\u00f5betahvli m\u00f5\u00f5dud: 15 x 9,5 cm.<\/p><\/blockquote>\n<p><\/p>","protected":false},"excerpt":{"rendered":"<p><span class=\"\">Vene h\u00f5bedast ja nahast m\u00e4rkmik \u201cBogatyr\u201d.\u00a0<\/span>I. Butuzovi tegijam\u00e4rk.\u00a0Moskva, 1908-1917.<\/p>\n<blockquote><p>H\u00f5betahvli m\u00f5\u00f5dud: 15 x 9,5 cm.<\/p><\/blockquote>\n","protected":false},"featured_media":14495,"comment_status":"closed","ping_status":"closed","template":"","meta":{"_exactmetrics_skip_tracking":false,"_exactmetrics_sitenote_active":false,"_exactmetrics_sitenote_note":"","_exactmetrics_sitenote_category":0,"_uf_show_specific_survey":0,"_uf_disable_surveys":false},"product_brand":[],"product_cat":[220,6],"product_tag":[],"class_list":{"0":"post-14490","1":"product","2":"type-product","3":"status-publish","4":"has-post-thumbnail","6":"product_cat-russian-silver","7":"product_cat-silver","8":"product_shipping_class-small-item-0-500-g","10":"first","11":"instock","12":"shipping-taxable","13":"purchasable","14":"product-type-simple"},"aioseo_notices":[],"_links":{"self":[{"href":"https:\/\/thebestantique.com\/et\/wp-json\/wp\/v2\/product\/14490","targetHints":{"allow":["GET"]}}],"collection":[{"href":"https:\/\/thebestantique.com\/et\/wp-json\/wp\/v2\/product"}],"about":[{"href":"https:\/\/thebestantique.com\/et\/wp-json\/wp\/v2\/types\/product"}],"replies":[{"embeddable":true,"href":"https:\/\/thebestantique.com\/et\/wp-json\/wp\/v2\/comments?post=14490"}],"wp:featuredmedia":[{"embeddable":true,"href":"https:\/\/thebestantique.com\/et\/wp-json\/wp\/v2\/media\/14495"}],"wp:attachment":[{"href":"https:\/\/thebestantique.com\/et\/wp-json\/wp\/v2\/media?parent=14490"}],"wp:term":[{"taxonomy":"product_brand","embeddable":true,"href":"https:\/\/thebestantique.com\/et\/wp-json\/wp\/v2\/product_brand?post=14490"},{"taxonomy":"product_cat","embeddable":true,"href":"https:\/\/thebestantique.com\/et\/wp-json\/wp\/v2\/product_cat?post=14490"},{"taxonomy":"product_tag","embeddable":true,"href":"https:\/\/thebestantique.com\/et\/wp-json\/wp\/v2\/product_tag?post=14490"}],"curies":[{"name":"wp","href":"https:\/\/api.w.org\/{rel}","templated":true}]}}