{"id":14457,"date":"2022-07-29T09:25:48","date_gmt":"2022-07-29T07:25:48","guid":{"rendered":"https:\/\/thebestantique.com\/?post_type=product&#038;p=14457"},"modified":"2023-10-20T09:04:32","modified_gmt":"2023-10-20T07:04:32","slug":"universal-flic-knife-steel-mother-of-pearl","status":"publish","type":"product","link":"https:\/\/thebestantique.com\/et\/product\/universal-flic-knife-steel-mother-of-pearl\/","title":{"rendered":"Universaalne l\u00f5ikenuga. Teras, p\u00e4rlmutter. L\u00e4\u00e4ne-Euroopa"},"content":{"rendered":"<p>Universaalne l\u00f5ikenuga. Teras, p\u00e4rlmutter. L\u00e4\u00e4ne-Euroopa. 19. sajandi l\u00f5pp-20. sajandi algus.<\/p>\n<blockquote><p>M\u00f5\u00f5dud: 13 cm.<\/p><\/blockquote>\n<p><\/p>","protected":false},"excerpt":{"rendered":"<p>Universaalne l\u00f5ikenuga. Teras, p\u00e4rlmutter. L\u00e4\u00e4ne-Euroopa. 19. sajandi l\u00f5pp-20. sajandi algus.<\/p>\n<blockquote><p>M\u00f5\u00f5dud: 13 cm.<\/p><\/blockquote>\n","protected":false},"featured_media":14464,"comment_status":"closed","ping_status":"closed","template":"","meta":{"_exactmetrics_skip_tracking":false,"_exactmetrics_sitenote_active":false,"_exactmetrics_sitenote_note":"","_exactmetrics_sitenote_category":0,"_uf_show_specific_survey":0,"_uf_disable_surveys":false},"product_brand":[],"product_cat":[421],"product_tag":[],"class_list":{"0":"post-14457","1":"product","2":"type-product","3":"status-publish","4":"has-post-thumbnail","6":"product_cat-sold-items","7":"product_shipping_class-small-item-0-500-g","9":"first","10":"outofstock","11":"shipping-taxable","12":"purchasable","13":"product-type-simple"},"aioseo_notices":[],"_links":{"self":[{"href":"https:\/\/thebestantique.com\/et\/wp-json\/wp\/v2\/product\/14457","targetHints":{"allow":["GET"]}}],"collection":[{"href":"https:\/\/thebestantique.com\/et\/wp-json\/wp\/v2\/product"}],"about":[{"href":"https:\/\/thebestantique.com\/et\/wp-json\/wp\/v2\/types\/product"}],"replies":[{"embeddable":true,"href":"https:\/\/thebestantique.com\/et\/wp-json\/wp\/v2\/comments?post=14457"}],"wp:featuredmedia":[{"embeddable":true,"href":"https:\/\/thebestantique.com\/et\/wp-json\/wp\/v2\/media\/14464"}],"wp:attachment":[{"href":"https:\/\/thebestantique.com\/et\/wp-json\/wp\/v2\/media?parent=14457"}],"wp:term":[{"taxonomy":"product_brand","embeddable":true,"href":"https:\/\/thebestantique.com\/et\/wp-json\/wp\/v2\/product_brand?post=14457"},{"taxonomy":"product_cat","embeddable":true,"href":"https:\/\/thebestantique.com\/et\/wp-json\/wp\/v2\/product_cat?post=14457"},{"taxonomy":"product_tag","embeddable":true,"href":"https:\/\/thebestantique.com\/et\/wp-json\/wp\/v2\/product_tag?post=14457"}],"curies":[{"name":"wp","href":"https:\/\/api.w.org\/{rel}","templated":true}]}}