{"id":14450,"date":"2022-07-28T16:09:51","date_gmt":"2022-07-28T14:09:51","guid":{"rendered":"https:\/\/thebestantique.com\/?post_type=product&#038;p=14450"},"modified":"2022-07-28T16:10:06","modified_gmt":"2022-07-28T14:10:06","slug":"a-russian-silver-plated-kovsh-with-a-cast-figure-of-a-balalayka-player","status":"publish","type":"product","link":"https:\/\/thebestantique.com\/et\/product\/a-russian-silver-plated-kovsh-with-a-cast-figure-of-a-balalayka-player\/","title":{"rendered":"Vene h\u00f5betatud kov\u0161, millel on valatud balalayka m\u00e4ngija kuju"},"content":{"rendered":"<p>Vene h\u00f5betatud kov\u0161, millel on valatud balalayka m\u00e4ngija kuju. A. Matiseni tegija m\u00e4rk. Moskva, 19. sajandi l\u00f5pp.<\/p>\n<blockquote><p>Pikkus: 23 cm.<\/p><\/blockquote>\n<p><\/p>","protected":false},"excerpt":{"rendered":"<p>Vene h\u00f5betatud kov\u0161, millel on valatud balalayka m\u00e4ngija kuju. A. Matiseni tegija m\u00e4rk. Moskva, 19. sajandi l\u00f5pp.<\/p>\n<blockquote><p>Pikkus: 23 cm.<\/p><\/blockquote>\n","protected":false},"featured_media":14456,"comment_status":"closed","ping_status":"closed","template":"","meta":{"_exactmetrics_skip_tracking":false,"_exactmetrics_sitenote_active":false,"_exactmetrics_sitenote_note":"","_exactmetrics_sitenote_category":0,"_uf_show_specific_survey":0,"_uf_disable_surveys":false},"product_brand":[],"product_cat":[221,291],"product_tag":[],"class_list":{"0":"post-14450","1":"product","2":"type-product","3":"status-publish","4":"has-post-thumbnail","6":"product_cat-flatware-and-serving-pieces","7":"product_cat-other","8":"product_shipping_class-small-item-0-500-g","10":"first","11":"instock","12":"shipping-taxable","13":"purchasable","14":"product-type-simple"},"aioseo_notices":[],"_links":{"self":[{"href":"https:\/\/thebestantique.com\/et\/wp-json\/wp\/v2\/product\/14450","targetHints":{"allow":["GET"]}}],"collection":[{"href":"https:\/\/thebestantique.com\/et\/wp-json\/wp\/v2\/product"}],"about":[{"href":"https:\/\/thebestantique.com\/et\/wp-json\/wp\/v2\/types\/product"}],"replies":[{"embeddable":true,"href":"https:\/\/thebestantique.com\/et\/wp-json\/wp\/v2\/comments?post=14450"}],"wp:featuredmedia":[{"embeddable":true,"href":"https:\/\/thebestantique.com\/et\/wp-json\/wp\/v2\/media\/14456"}],"wp:attachment":[{"href":"https:\/\/thebestantique.com\/et\/wp-json\/wp\/v2\/media?parent=14450"}],"wp:term":[{"taxonomy":"product_brand","embeddable":true,"href":"https:\/\/thebestantique.com\/et\/wp-json\/wp\/v2\/product_brand?post=14450"},{"taxonomy":"product_cat","embeddable":true,"href":"https:\/\/thebestantique.com\/et\/wp-json\/wp\/v2\/product_cat?post=14450"},{"taxonomy":"product_tag","embeddable":true,"href":"https:\/\/thebestantique.com\/et\/wp-json\/wp\/v2\/product_tag?post=14450"}],"curies":[{"name":"wp","href":"https:\/\/api.w.org\/{rel}","templated":true}]}}