{"id":14427,"date":"2022-07-27T12:31:08","date_gmt":"2022-07-27T10:31:08","guid":{"rendered":"https:\/\/thebestantique.com\/?post_type=product&#038;p=14427"},"modified":"2022-12-02T11:32:54","modified_gmt":"2022-12-02T09:32:54","slug":"a-presentation-russian-photo-frame-by-3rd-artel","status":"publish","type":"product","link":"https:\/\/thebestantique.com\/et\/product\/a-presentation-russian-photo-frame-by-3rd-artel\/","title":{"rendered":"Vene esinduslik pildiraam"},"content":{"rendered":"<p>Vene esinduslik pildiraam.H\u00f5be, luu, guilloche email &#8211; roosa opaal. Peterburg, 3 artell(t\u00f6\u00f6tanud endised faberge meistrid). 1915-1917.<\/p>\n<blockquote><p>M\u00f5\u00f5dud: 9.5 \u0445 11.5 cm.<\/p><\/blockquote>\n<p><\/p>","protected":false},"excerpt":{"rendered":"<p>Vene esinduslik pildiraam.H\u00f5be, luu, guilloche email &#8211; roosa opaal. Peterburg, 3 artell(t\u00f6\u00f6tanud endised faberge meistrid). 1915-1917.<\/p>\n<blockquote><p>M\u00f5\u00f5dud: 9.5 \u0445 11.5 cm.<\/p><\/blockquote>\n","protected":false},"featured_media":14428,"comment_status":"closed","ping_status":"closed","template":"","meta":{"_exactmetrics_skip_tracking":false,"_exactmetrics_sitenote_active":false,"_exactmetrics_sitenote_note":"","_exactmetrics_sitenote_category":0,"_uf_show_specific_survey":0,"_uf_disable_surveys":false},"product_brand":[],"product_cat":[421],"product_tag":[],"class_list":{"0":"post-14427","1":"product","2":"type-product","3":"status-publish","4":"has-post-thumbnail","6":"product_cat-sold-items","7":"product_shipping_class-average-item-500-1500-g","9":"first","10":"outofstock","11":"shipping-taxable","12":"product-type-simple"},"aioseo_notices":[],"_links":{"self":[{"href":"https:\/\/thebestantique.com\/et\/wp-json\/wp\/v2\/product\/14427","targetHints":{"allow":["GET"]}}],"collection":[{"href":"https:\/\/thebestantique.com\/et\/wp-json\/wp\/v2\/product"}],"about":[{"href":"https:\/\/thebestantique.com\/et\/wp-json\/wp\/v2\/types\/product"}],"replies":[{"embeddable":true,"href":"https:\/\/thebestantique.com\/et\/wp-json\/wp\/v2\/comments?post=14427"}],"wp:featuredmedia":[{"embeddable":true,"href":"https:\/\/thebestantique.com\/et\/wp-json\/wp\/v2\/media\/14428"}],"wp:attachment":[{"href":"https:\/\/thebestantique.com\/et\/wp-json\/wp\/v2\/media?parent=14427"}],"wp:term":[{"taxonomy":"product_brand","embeddable":true,"href":"https:\/\/thebestantique.com\/et\/wp-json\/wp\/v2\/product_brand?post=14427"},{"taxonomy":"product_cat","embeddable":true,"href":"https:\/\/thebestantique.com\/et\/wp-json\/wp\/v2\/product_cat?post=14427"},{"taxonomy":"product_tag","embeddable":true,"href":"https:\/\/thebestantique.com\/et\/wp-json\/wp\/v2\/product_tag?post=14427"}],"curies":[{"name":"wp","href":"https:\/\/api.w.org\/{rel}","templated":true}]}}