{"id":14419,"date":"2022-07-18T15:05:27","date_gmt":"2022-07-18T13:05:27","guid":{"rendered":"https:\/\/thebestantique.com\/?post_type=product&#038;p=14419"},"modified":"2022-07-18T15:05:27","modified_gmt":"2022-07-18T13:05:27","slug":"elegant-faberge-silver-and-guilloche-enamel-photo-frame","status":"publish","type":"product","link":"https:\/\/thebestantique.com\/et\/product\/elegant-faberge-silver-and-guilloche-enamel-photo-frame\/","title":{"rendered":"Elegantne Faberge pildiraam karbis. H\u00f5be, emailiga. Meistrikoda: G. Armfeldt"},"content":{"rendered":"<p>Elegantne Faberge pildiraam karbis. H\u00f5be, emailiga. Meistrikoda: G. Armfeldt. Peterburg, 1908-1917 \u0433\u0433.<\/p>\n<blockquote><p>M\u00f5\u00f5dud: 7,5 x 5 cm. \u00dcldkaal: 39 g.<\/p><\/blockquote>\n<p><\/p>","protected":false},"excerpt":{"rendered":"<p>Elegantne Faberge pildiraam karbis. H\u00f5be, emailiga. Meistrikoda: G. Armfeldt. Peterburg, 1908-1917 \u0433\u0433.<\/p>\n<blockquote><p>M\u00f5\u00f5dud: 7,5 x 5 cm. \u00dcldkaal: 39 g.<\/p><\/blockquote>\n","protected":false},"featured_media":14404,"comment_status":"closed","ping_status":"closed","template":"","meta":{"_exactmetrics_skip_tracking":false,"_exactmetrics_sitenote_active":false,"_exactmetrics_sitenote_note":"","_exactmetrics_sitenote_category":0,"_uf_show_specific_survey":0,"_uf_disable_surveys":false},"product_brand":[],"product_cat":[220,6],"product_tag":[],"class_list":{"0":"post-14419","1":"product","2":"type-product","3":"status-publish","4":"has-post-thumbnail","6":"product_cat-russian-silver","7":"product_cat-silver","8":"product_shipping_class-small-item-0-500-g","10":"first","11":"instock","12":"shipping-taxable","13":"purchasable","14":"product-type-simple"},"aioseo_notices":[],"_links":{"self":[{"href":"https:\/\/thebestantique.com\/et\/wp-json\/wp\/v2\/product\/14419","targetHints":{"allow":["GET"]}}],"collection":[{"href":"https:\/\/thebestantique.com\/et\/wp-json\/wp\/v2\/product"}],"about":[{"href":"https:\/\/thebestantique.com\/et\/wp-json\/wp\/v2\/types\/product"}],"replies":[{"embeddable":true,"href":"https:\/\/thebestantique.com\/et\/wp-json\/wp\/v2\/comments?post=14419"}],"wp:featuredmedia":[{"embeddable":true,"href":"https:\/\/thebestantique.com\/et\/wp-json\/wp\/v2\/media\/14404"}],"wp:attachment":[{"href":"https:\/\/thebestantique.com\/et\/wp-json\/wp\/v2\/media?parent=14419"}],"wp:term":[{"taxonomy":"product_brand","embeddable":true,"href":"https:\/\/thebestantique.com\/et\/wp-json\/wp\/v2\/product_brand?post=14419"},{"taxonomy":"product_cat","embeddable":true,"href":"https:\/\/thebestantique.com\/et\/wp-json\/wp\/v2\/product_cat?post=14419"},{"taxonomy":"product_tag","embeddable":true,"href":"https:\/\/thebestantique.com\/et\/wp-json\/wp\/v2\/product_tag?post=14419"}],"curies":[{"name":"wp","href":"https:\/\/api.w.org\/{rel}","templated":true}]}}