{"id":14385,"date":"2022-07-01T14:33:38","date_gmt":"2022-07-01T12:33:38","guid":{"rendered":"https:\/\/thebestantique.com\/?post_type=product&#038;p=14385"},"modified":"2022-10-05T11:05:46","modified_gmt":"2022-10-05T09:05:46","slug":"russian-presentation-glass-in-memory-of-the-200th-anniversary-of-the-13th-kargopol-dragoon-regiment","status":"publish","type":"product","link":"https:\/\/thebestantique.com\/et\/product\/russian-presentation-glass-in-memory-of-the-200th-anniversary-of-the-13th-kargopol-dragoon-regiment\/","title":{"rendered":"Vene esitlusklaas \u201cKargopoli 13. draguunir\u00fcgemendi 200. aastap\u00e4eva m\u00e4lestuseks\u201d."},"content":{"rendered":"<p><span><span class=\"\">Vene esitlusklaas \u201cKargopoli 13. draguunir\u00fcgemendi 200. aastap\u00e4eva m\u00e4lestuseks\u201d.\u00a0<\/span>Vene keisrite Nikolai II ja Peeter I bareljeefportreedega. Metall, paatina.\u00a0<span class=\"\">Karl Milleri tegija m\u00e4rk, Varssavi, Vene impeerium, 1907. 13. Kargopoli draguunir\u00fcgement on 5. Kargopoli draguunir\u00fcgemendi nimi aastatel 1882\u20131907.\u00a0<\/span><\/span><\/p>\n<blockquote><p><span>K\u00f5rgus: 9,5 cm.\u00a0L\u00e4bim\u00f5\u00f5t: 6 cm.<\/span><\/p><\/blockquote>\n<p><\/p>","protected":false},"excerpt":{"rendered":"<p><span class=\"\">Vene esitlusklaas \u201cKargopoli 13. draguunir\u00fcgemendi 200. aastap\u00e4eva m\u00e4lestuseks\u201d.\u00a0<\/span>Vene keisrite Nikolai II ja Peeter I bareljeefportreedega. Metall, paatina.\u00a0<span class=\"\">Karl Milleri tegija m\u00e4rk, Varssavi, Vene impeerium, 1907. 13. Kargopoli draguunir\u00fcgement on 5. Kargopoli draguunir\u00fcgemendi nimi aastatel 1882\u20131907.\u00a0<\/span><\/p>\n<blockquote><p>K\u00f5rgus: 9,5 cm.\u00a0L\u00e4bim\u00f5\u00f5t: 6 cm.<\/p><\/blockquote>\n","protected":false},"featured_media":14390,"comment_status":"closed","ping_status":"closed","template":"","meta":{"_exactmetrics_skip_tracking":false,"_exactmetrics_sitenote_active":false,"_exactmetrics_sitenote_note":"","_exactmetrics_sitenote_category":0,"_uf_show_specific_survey":0,"_uf_disable_surveys":false},"product_brand":[],"product_cat":[421],"product_tag":[],"class_list":{"0":"post-14385","1":"product","2":"type-product","3":"status-publish","4":"has-post-thumbnail","6":"product_cat-sold-items","7":"product_shipping_class-small-item-0-500-g","9":"first","10":"outofstock","11":"shipping-taxable","12":"purchasable","13":"product-type-simple"},"aioseo_notices":[],"_links":{"self":[{"href":"https:\/\/thebestantique.com\/et\/wp-json\/wp\/v2\/product\/14385","targetHints":{"allow":["GET"]}}],"collection":[{"href":"https:\/\/thebestantique.com\/et\/wp-json\/wp\/v2\/product"}],"about":[{"href":"https:\/\/thebestantique.com\/et\/wp-json\/wp\/v2\/types\/product"}],"replies":[{"embeddable":true,"href":"https:\/\/thebestantique.com\/et\/wp-json\/wp\/v2\/comments?post=14385"}],"wp:featuredmedia":[{"embeddable":true,"href":"https:\/\/thebestantique.com\/et\/wp-json\/wp\/v2\/media\/14390"}],"wp:attachment":[{"href":"https:\/\/thebestantique.com\/et\/wp-json\/wp\/v2\/media?parent=14385"}],"wp:term":[{"taxonomy":"product_brand","embeddable":true,"href":"https:\/\/thebestantique.com\/et\/wp-json\/wp\/v2\/product_brand?post=14385"},{"taxonomy":"product_cat","embeddable":true,"href":"https:\/\/thebestantique.com\/et\/wp-json\/wp\/v2\/product_cat?post=14385"},{"taxonomy":"product_tag","embeddable":true,"href":"https:\/\/thebestantique.com\/et\/wp-json\/wp\/v2\/product_tag?post=14385"}],"curies":[{"name":"wp","href":"https:\/\/api.w.org\/{rel}","templated":true}]}}