{"id":14336,"date":"2022-06-08T12:37:22","date_gmt":"2022-06-08T10:37:22","guid":{"rendered":"https:\/\/thebestantique.com\/?post_type=product&#038;p=14336"},"modified":"2022-10-05T10:57:20","modified_gmt":"2022-10-05T08:57:20","slug":"big-antique-bronze-sculpture-of-knight-bertrand-du-guesclin","status":"publish","type":"product","link":"https:\/\/thebestantique.com\/et\/product\/big-antique-bronze-sculpture-of-knight-bertrand-du-guesclin\/","title":{"rendered":"R\u00fc\u00fctel Bertrand du Guesclini suur antiikne pronksskulptuur"},"content":{"rendered":"<p>R\u00fc\u00fctel Bertrand du Guesclini suur antiikne pronksskulptuur. Siin on selle kohta teave: https:\/\/en.wikipedia.org\/wiki\/Bertrand_du_Guesclin<\/p>\n<p>Kena detailne pronks patinaga ja pronksist kvaliteettempli alusel. Alfred CARAVANNIEZ (1855-1917).<\/p>\n<blockquote><p>K\u00f5rgus: 94 cm.<\/p><\/blockquote>\n<p><\/p>","protected":false},"excerpt":{"rendered":"<p>R\u00fc\u00fctel Bertrand du Guesclini suur antiikne pronksskulptuur. Siin on selle kohta teave: https:\/\/en.wikipedia.org\/wiki\/Bertrand_du_Guesclin<\/p>\n<p>Kena detailne pronks patinaga ja pronksist kvaliteettempli alusel. Alfred CARAVANNIEZ (1855-1917).<\/p>\n<blockquote><p>K\u00f5rgus: 94 cm.<\/p><\/blockquote>\n","protected":false},"featured_media":14337,"comment_status":"closed","ping_status":"closed","template":"","meta":{"_exactmetrics_skip_tracking":false,"_exactmetrics_sitenote_active":false,"_exactmetrics_sitenote_note":"","_exactmetrics_sitenote_category":0,"_uf_show_specific_survey":0,"_uf_disable_surveys":false},"product_brand":[],"product_cat":[421],"product_tag":[],"class_list":{"0":"post-14336","1":"product","2":"type-product","3":"status-publish","4":"has-post-thumbnail","6":"product_cat-sold-items","7":"product_shipping_class-huge-3000-10000gr","9":"first","10":"outofstock","11":"shipping-taxable","12":"purchasable","13":"product-type-simple"},"aioseo_notices":[],"_links":{"self":[{"href":"https:\/\/thebestantique.com\/et\/wp-json\/wp\/v2\/product\/14336","targetHints":{"allow":["GET"]}}],"collection":[{"href":"https:\/\/thebestantique.com\/et\/wp-json\/wp\/v2\/product"}],"about":[{"href":"https:\/\/thebestantique.com\/et\/wp-json\/wp\/v2\/types\/product"}],"replies":[{"embeddable":true,"href":"https:\/\/thebestantique.com\/et\/wp-json\/wp\/v2\/comments?post=14336"}],"wp:featuredmedia":[{"embeddable":true,"href":"https:\/\/thebestantique.com\/et\/wp-json\/wp\/v2\/media\/14337"}],"wp:attachment":[{"href":"https:\/\/thebestantique.com\/et\/wp-json\/wp\/v2\/media?parent=14336"}],"wp:term":[{"taxonomy":"product_brand","embeddable":true,"href":"https:\/\/thebestantique.com\/et\/wp-json\/wp\/v2\/product_brand?post=14336"},{"taxonomy":"product_cat","embeddable":true,"href":"https:\/\/thebestantique.com\/et\/wp-json\/wp\/v2\/product_cat?post=14336"},{"taxonomy":"product_tag","embeddable":true,"href":"https:\/\/thebestantique.com\/et\/wp-json\/wp\/v2\/product_tag?post=14336"}],"curies":[{"name":"wp","href":"https:\/\/api.w.org\/{rel}","templated":true}]}}