{"id":14315,"date":"2022-06-02T16:18:27","date_gmt":"2022-06-02T14:18:27","guid":{"rendered":"https:\/\/thebestantique.com\/?post_type=product&#038;p=14315"},"modified":"2022-06-30T13:25:00","modified_gmt":"2022-06-30T11:25:00","slug":"a-very-fine-faberge-silver-gilt-and-cloisonne-enamel-kovsh","status":"publish","type":"product","link":"https:\/\/thebestantique.com\/et\/product\/a-very-fine-faberge-silver-gilt-and-cloisonne-enamel-kovsh\/","title":{"rendered":"V\u00e4ga peen Faberge h\u00f5be-kullatud ja kloisonne emailiga kovsh"},"content":{"rendered":"<p>V\u00e4ga peen Faberge h\u00f5be-kullatud ja kloisonne emailiga kovsh. Fedor Ruckerti kaubam\u00e4rgi Faberge firma jaoks. Moskva, 1908-1917.<\/p>\n<blockquote><p>M\u00f5\u00f5dud: 8 x 11 x 7 cm. Kogukaal: 128 gr.<\/p><\/blockquote>\n<p><\/p>","protected":false},"excerpt":{"rendered":"<p>V\u00e4ga peen Faberge h\u00f5be-kullatud ja kloisonne emailiga kovsh. Fedor Ruckerti kaubam\u00e4rgi Faberge firma jaoks. Moskva, 1908-1917.<\/p>\n<blockquote><p>M\u00f5\u00f5dud: 8 x 11 x 7 cm. Kogukaal: 128 gr.<\/p><\/blockquote>\n","protected":false},"featured_media":14322,"comment_status":"closed","ping_status":"closed","template":"","meta":{"_exactmetrics_skip_tracking":false,"_exactmetrics_sitenote_active":false,"_exactmetrics_sitenote_note":"","_exactmetrics_sitenote_category":0,"_uf_show_specific_survey":0,"_uf_disable_surveys":false},"product_brand":[],"product_cat":[421],"product_tag":[],"class_list":{"0":"post-14315","1":"product","2":"type-product","3":"status-publish","4":"has-post-thumbnail","6":"product_cat-sold-items","7":"product_shipping_class-free-shipping","9":"first","10":"outofstock","11":"sale","12":"shipping-taxable","13":"purchasable","14":"product-type-simple"},"aioseo_notices":[],"_links":{"self":[{"href":"https:\/\/thebestantique.com\/et\/wp-json\/wp\/v2\/product\/14315","targetHints":{"allow":["GET"]}}],"collection":[{"href":"https:\/\/thebestantique.com\/et\/wp-json\/wp\/v2\/product"}],"about":[{"href":"https:\/\/thebestantique.com\/et\/wp-json\/wp\/v2\/types\/product"}],"replies":[{"embeddable":true,"href":"https:\/\/thebestantique.com\/et\/wp-json\/wp\/v2\/comments?post=14315"}],"wp:featuredmedia":[{"embeddable":true,"href":"https:\/\/thebestantique.com\/et\/wp-json\/wp\/v2\/media\/14322"}],"wp:attachment":[{"href":"https:\/\/thebestantique.com\/et\/wp-json\/wp\/v2\/media?parent=14315"}],"wp:term":[{"taxonomy":"product_brand","embeddable":true,"href":"https:\/\/thebestantique.com\/et\/wp-json\/wp\/v2\/product_brand?post=14315"},{"taxonomy":"product_cat","embeddable":true,"href":"https:\/\/thebestantique.com\/et\/wp-json\/wp\/v2\/product_cat?post=14315"},{"taxonomy":"product_tag","embeddable":true,"href":"https:\/\/thebestantique.com\/et\/wp-json\/wp\/v2\/product_tag?post=14315"}],"curies":[{"name":"wp","href":"https:\/\/api.w.org\/{rel}","templated":true}]}}