{"id":14308,"date":"2022-06-02T16:09:06","date_gmt":"2022-06-02T14:09:06","guid":{"rendered":"https:\/\/thebestantique.com\/?post_type=product&#038;p=14308"},"modified":"2022-11-29T14:56:15","modified_gmt":"2022-11-29T12:56:15","slug":"a-russian-icon-mother-of-god-of-kazan","status":"publish","type":"product","link":"https:\/\/thebestantique.com\/et\/product\/a-russian-icon-mother-of-god-of-kazan\/","title":{"rendered":"Vene ikoon &#8220;Kaasani Jumalaema&#8221;"},"content":{"rendered":"<p>Vene ikoon &#8220;Kaasani Jumalaema&#8221;. Ikooni vahelekirjutus: \u00f5limaal tsingil. Oklad: h\u00f5be 84, kullatud, graveeringuga. Peterburg, 19. sajandi l\u00f5pp. Meister: &#8220;\u041f\u0421&#8221; .<\/p>\n<blockquote><p>M\u00f5\u00f5dud: 8,3 x 5,5 x 0,7 cm.<\/p><\/blockquote>\n<p><\/p>","protected":false},"excerpt":{"rendered":"<p>Vene ikoon &#8220;Kaasani Jumalaema&#8221;. Ikooni vahelekirjutus: \u00f5limaal tsingil. Oklad: h\u00f5be 84, kullatud, graveeringuga. Peterburg, 19. sajandi l\u00f5pp. Meister: &#8220;\u041f\u0421&#8221; .<\/p>\n<blockquote><p>M\u00f5\u00f5dud: 8,3 x 5,5 x 0,7 cm.<\/p><\/blockquote>\n","protected":false},"featured_media":14309,"comment_status":"closed","ping_status":"closed","template":"","meta":{"_exactmetrics_skip_tracking":false,"_exactmetrics_sitenote_active":false,"_exactmetrics_sitenote_note":"","_exactmetrics_sitenote_category":0,"_uf_show_specific_survey":0,"_uf_disable_surveys":false},"product_brand":[],"product_cat":[421],"product_tag":[],"class_list":{"0":"post-14308","1":"product","2":"type-product","3":"status-publish","4":"has-post-thumbnail","6":"product_cat-sold-items","7":"product_shipping_class-small-item-0-500-g","9":"first","10":"outofstock","11":"shipping-taxable","12":"product-type-simple"},"aioseo_notices":[],"_links":{"self":[{"href":"https:\/\/thebestantique.com\/et\/wp-json\/wp\/v2\/product\/14308","targetHints":{"allow":["GET"]}}],"collection":[{"href":"https:\/\/thebestantique.com\/et\/wp-json\/wp\/v2\/product"}],"about":[{"href":"https:\/\/thebestantique.com\/et\/wp-json\/wp\/v2\/types\/product"}],"replies":[{"embeddable":true,"href":"https:\/\/thebestantique.com\/et\/wp-json\/wp\/v2\/comments?post=14308"}],"wp:featuredmedia":[{"embeddable":true,"href":"https:\/\/thebestantique.com\/et\/wp-json\/wp\/v2\/media\/14309"}],"wp:attachment":[{"href":"https:\/\/thebestantique.com\/et\/wp-json\/wp\/v2\/media?parent=14308"}],"wp:term":[{"taxonomy":"product_brand","embeddable":true,"href":"https:\/\/thebestantique.com\/et\/wp-json\/wp\/v2\/product_brand?post=14308"},{"taxonomy":"product_cat","embeddable":true,"href":"https:\/\/thebestantique.com\/et\/wp-json\/wp\/v2\/product_cat?post=14308"},{"taxonomy":"product_tag","embeddable":true,"href":"https:\/\/thebestantique.com\/et\/wp-json\/wp\/v2\/product_tag?post=14308"}],"curies":[{"name":"wp","href":"https:\/\/api.w.org\/{rel}","templated":true}]}}