{"id":14302,"date":"2022-06-02T16:02:47","date_gmt":"2022-06-02T14:02:47","guid":{"rendered":"https:\/\/thebestantique.com\/?post_type=product&#038;p=14302"},"modified":"2022-07-27T15:03:28","modified_gmt":"2022-07-27T13:03:28","slug":"a-russian-silver-gilt-and-filigree-enamel-icon-of-saint-nikolay-the-wonderworker","status":"publish","type":"product","link":"https:\/\/thebestantique.com\/et\/product\/a-russian-silver-gilt-and-filigree-enamel-icon-of-saint-nikolay-the-wonderworker\/","title":{"rendered":"Vene ikoon &#8220;P\u00fcha Nikolai Imetegija&#8221;"},"content":{"rendered":"<p>Vene ikoon &#8220;P\u00fcha Nikolai Imetegija&#8221;. Ikooni vahelekirjutus: \u00f5limaal messingi plaadil. Raam: h\u00f5be 84 proov, kullatud, graveeringuga. Peterburg, 1908-1917. Meister: &#8220;\u0421\u0413.&#8221;.<\/p>\n<blockquote><p>K\u00f5rgus ripatsiga koos: 13,5 cm. Laius: 4,9 cm. \u00dcldkaal: 140 g.<\/p><\/blockquote>\n<p><\/p>","protected":false},"excerpt":{"rendered":"<p>Vene ikoon &#8220;P\u00fcha Nikolai Imetegija&#8221;. Ikooni vahelekirjutus: \u00f5limaal messingi plaadil. Raam: h\u00f5be 84 proov, kullatud, graveeringuga. Peterburg, 1908-1917. Meister: &#8220;\u0421\u0413.&#8221;.<\/p>\n<blockquote><p>K\u00f5rgus ripatsiga koos: 13,5 cm. Laius: 4,9 cm. \u00dcldkaal: 140 g.<\/p><\/blockquote>\n","protected":false},"featured_media":14303,"comment_status":"closed","ping_status":"closed","template":"","meta":{"_exactmetrics_skip_tracking":false,"_exactmetrics_sitenote_active":false,"_exactmetrics_sitenote_note":"","_exactmetrics_sitenote_category":0,"_uf_show_specific_survey":0,"_uf_disable_surveys":false},"product_brand":[],"product_cat":[421],"product_tag":[],"class_list":{"0":"post-14302","1":"product","2":"type-product","3":"status-publish","4":"has-post-thumbnail","6":"product_cat-sold-items","7":"product_shipping_class-free-shipping","9":"first","10":"outofstock","11":"sale","12":"shipping-taxable","13":"purchasable","14":"product-type-simple"},"aioseo_notices":[],"_links":{"self":[{"href":"https:\/\/thebestantique.com\/et\/wp-json\/wp\/v2\/product\/14302","targetHints":{"allow":["GET"]}}],"collection":[{"href":"https:\/\/thebestantique.com\/et\/wp-json\/wp\/v2\/product"}],"about":[{"href":"https:\/\/thebestantique.com\/et\/wp-json\/wp\/v2\/types\/product"}],"replies":[{"embeddable":true,"href":"https:\/\/thebestantique.com\/et\/wp-json\/wp\/v2\/comments?post=14302"}],"wp:featuredmedia":[{"embeddable":true,"href":"https:\/\/thebestantique.com\/et\/wp-json\/wp\/v2\/media\/14303"}],"wp:attachment":[{"href":"https:\/\/thebestantique.com\/et\/wp-json\/wp\/v2\/media?parent=14302"}],"wp:term":[{"taxonomy":"product_brand","embeddable":true,"href":"https:\/\/thebestantique.com\/et\/wp-json\/wp\/v2\/product_brand?post=14302"},{"taxonomy":"product_cat","embeddable":true,"href":"https:\/\/thebestantique.com\/et\/wp-json\/wp\/v2\/product_cat?post=14302"},{"taxonomy":"product_tag","embeddable":true,"href":"https:\/\/thebestantique.com\/et\/wp-json\/wp\/v2\/product_tag?post=14302"}],"curies":[{"name":"wp","href":"https:\/\/api.w.org\/{rel}","templated":true}]}}