{"id":14289,"date":"2022-06-02T15:44:47","date_gmt":"2022-06-02T13:44:47","guid":{"rendered":"https:\/\/thebestantique.com\/?post_type=product&#038;p=14289"},"modified":"2022-12-02T11:14:54","modified_gmt":"2022-12-02T09:14:54","slug":"a-russian-silver-gilt-cloisonne-and-guilloche-enamel-travel-diptych-with-saint-duke-vladislav","status":"publish","type":"product","link":"https:\/\/thebestantique.com\/et\/product\/a-russian-silver-gilt-cloisonne-and-guilloche-enamel-travel-diptych-with-saint-duke-vladislav\/","title":{"rendered":"Vene kaheosaline reisiikoon &#8220;P\u00fcha v\u00fcrst Vladislav ja Peaingel&#8221;"},"content":{"rendered":"<p>Vene kaheosaline reisiikoon &#8220;P\u00fcha v\u00fcrst Vladislav ja Peaingel&#8221;. \u00d5limaal, h\u00f5be, kullatud, v\u00e4rviline email, giljo\u0161\u0161muster. Gratsevi vennad. Peterburg, 1904-1908.<\/p>\n<blockquote><p>Suletuna m\u00f5\u00f5dud: 5,7 x 4,5 x 1 cm.<\/p>\n<p>Avatuna m\u00f5\u00f5dud: 5,7 x 9 x 0,5 cm. Kaal: 95 g.<\/p><\/blockquote>\n<p><\/p>","protected":false},"excerpt":{"rendered":"<p>Vene kaheosaline reisiikoon &#8220;P\u00fcha v\u00fcrst Vladislav ja Peaingel&#8221;. \u00d5limaal, h\u00f5be, kullatud, v\u00e4rviline email, giljo\u0161\u0161muster. Gratsevi vennad. Peterburg, 1904-1908.<\/p>\n<blockquote><p>Suletuna m\u00f5\u00f5dud: 5,7 x 4,5 x 1 cm.<\/p>\n<p>Avatuna m\u00f5\u00f5dud: 5,7 x 9 x 0,5 cm. Kaal: 95 g.<\/p><\/blockquote>\n","protected":false},"featured_media":14293,"comment_status":"closed","ping_status":"closed","template":"","meta":{"_exactmetrics_skip_tracking":false,"_exactmetrics_sitenote_active":false,"_exactmetrics_sitenote_note":"","_exactmetrics_sitenote_category":0,"_uf_show_specific_survey":0,"_uf_disable_surveys":false},"product_brand":[],"product_cat":[421],"product_tag":[],"class_list":{"0":"post-14289","1":"product","2":"type-product","3":"status-publish","4":"has-post-thumbnail","6":"product_cat-sold-items","7":"product_shipping_class-small-item-0-500-g","9":"first","10":"outofstock","11":"shipping-taxable","12":"purchasable","13":"product-type-simple"},"aioseo_notices":[],"_links":{"self":[{"href":"https:\/\/thebestantique.com\/et\/wp-json\/wp\/v2\/product\/14289","targetHints":{"allow":["GET"]}}],"collection":[{"href":"https:\/\/thebestantique.com\/et\/wp-json\/wp\/v2\/product"}],"about":[{"href":"https:\/\/thebestantique.com\/et\/wp-json\/wp\/v2\/types\/product"}],"replies":[{"embeddable":true,"href":"https:\/\/thebestantique.com\/et\/wp-json\/wp\/v2\/comments?post=14289"}],"wp:featuredmedia":[{"embeddable":true,"href":"https:\/\/thebestantique.com\/et\/wp-json\/wp\/v2\/media\/14293"}],"wp:attachment":[{"href":"https:\/\/thebestantique.com\/et\/wp-json\/wp\/v2\/media?parent=14289"}],"wp:term":[{"taxonomy":"product_brand","embeddable":true,"href":"https:\/\/thebestantique.com\/et\/wp-json\/wp\/v2\/product_brand?post=14289"},{"taxonomy":"product_cat","embeddable":true,"href":"https:\/\/thebestantique.com\/et\/wp-json\/wp\/v2\/product_cat?post=14289"},{"taxonomy":"product_tag","embeddable":true,"href":"https:\/\/thebestantique.com\/et\/wp-json\/wp\/v2\/product_tag?post=14289"}],"curies":[{"name":"wp","href":"https:\/\/api.w.org\/{rel}","templated":true}]}}