{"id":14284,"date":"2022-06-02T14:47:05","date_gmt":"2022-06-02T12:47:05","guid":{"rendered":"https:\/\/thebestantique.com\/?post_type=product&#038;p=14284"},"modified":"2023-03-27T16:50:21","modified_gmt":"2023-03-27T14:50:21","slug":"a-russian-diptych-icon-savior-on-the-throne","status":"publish","type":"product","link":"https:\/\/thebestantique.com\/et\/product\/a-russian-diptych-icon-savior-on-the-throne\/","title":{"rendered":"Vene kolmeosaline ikoon Spas troonil"},"content":{"rendered":"<p>Vene kolmeosaline ikoon &#8220;Koos Jumalaema ja Ioann Pretsa p\u00fchakutega Spas troonil&#8221;. Ikoni vahelekirjutus: \u00f5li tsingil. Raamistus: messing, h\u00f5betatud, graveeringuga. Venemaa, 19-20 sajand.<\/p>\n<blockquote><p>Suletuna m\u00f5\u00f5dud: 23,5 x 15,2 x 2,7 cm.<\/p>\n<p>Avatuna m\u00f5\u00f5dud: 23,5 x 29,8 x 1,8 cm.<\/p><\/blockquote>\n<p><\/p>","protected":false},"excerpt":{"rendered":"<p>Vene kolmeosaline ikoon &#8220;Koos Jumalaema ja Ioann Pretsa p\u00fchakutega Spas troonil&#8221;. Ikoni vahelekirjutus: \u00f5li tsingil. Raamistus: messing, h\u00f5betatud, graveeringuga. Venemaa, 19-20 sajand.<\/p>\n<blockquote><p>Suletuna m\u00f5\u00f5dud: 23,5 x 15,2 x 2,7 cm.<\/p>\n<p>Avatuna m\u00f5\u00f5dud: 23,5 x 29,8 x 1,8 cm.<\/p><\/blockquote>\n","protected":false},"featured_media":14285,"comment_status":"closed","ping_status":"closed","template":"","meta":{"_exactmetrics_skip_tracking":false,"_exactmetrics_sitenote_active":false,"_exactmetrics_sitenote_note":"","_exactmetrics_sitenote_category":0,"_uf_show_specific_survey":0,"_uf_disable_surveys":false},"product_brand":[],"product_cat":[421],"product_tag":[],"class_list":{"0":"post-14284","1":"product","2":"type-product","3":"status-publish","4":"has-post-thumbnail","6":"product_cat-sold-items","7":"product_shipping_class-average-item-500-1500-g","9":"first","10":"outofstock","11":"shipping-taxable","12":"product-type-simple"},"aioseo_notices":[],"_links":{"self":[{"href":"https:\/\/thebestantique.com\/et\/wp-json\/wp\/v2\/product\/14284","targetHints":{"allow":["GET"]}}],"collection":[{"href":"https:\/\/thebestantique.com\/et\/wp-json\/wp\/v2\/product"}],"about":[{"href":"https:\/\/thebestantique.com\/et\/wp-json\/wp\/v2\/types\/product"}],"replies":[{"embeddable":true,"href":"https:\/\/thebestantique.com\/et\/wp-json\/wp\/v2\/comments?post=14284"}],"wp:featuredmedia":[{"embeddable":true,"href":"https:\/\/thebestantique.com\/et\/wp-json\/wp\/v2\/media\/14285"}],"wp:attachment":[{"href":"https:\/\/thebestantique.com\/et\/wp-json\/wp\/v2\/media?parent=14284"}],"wp:term":[{"taxonomy":"product_brand","embeddable":true,"href":"https:\/\/thebestantique.com\/et\/wp-json\/wp\/v2\/product_brand?post=14284"},{"taxonomy":"product_cat","embeddable":true,"href":"https:\/\/thebestantique.com\/et\/wp-json\/wp\/v2\/product_cat?post=14284"},{"taxonomy":"product_tag","embeddable":true,"href":"https:\/\/thebestantique.com\/et\/wp-json\/wp\/v2\/product_tag?post=14284"}],"curies":[{"name":"wp","href":"https:\/\/api.w.org\/{rel}","templated":true}]}}