{"id":14266,"date":"2022-06-02T14:26:49","date_gmt":"2022-06-02T12:26:49","guid":{"rendered":"https:\/\/thebestantique.com\/?post_type=product&#038;p=14266"},"modified":"2022-06-02T14:26:49","modified_gmt":"2022-06-02T12:26:49","slug":"an-icon-john-the-evangelist","status":"publish","type":"product","link":"https:\/\/thebestantique.com\/et\/product\/an-icon-john-the-evangelist\/","title":{"rendered":"Vene ikoon &#8220;Johannes (apostel)&#8221;"},"content":{"rendered":"<p>Vene ikoon &#8220;Johannes (apostel)&#8221;. Ikoon: puit, levkas, tempera, \u00f5huke kullaleht. Jaroslavl, 18. sajandi l\u00f5pp. Oklad: h\u00f5be 84, kullatud. Moskva, 1814. Meister: &#8220;\u0410\u0413.&#8221;.<\/p>\n<blockquote><p>M\u00f5\u00f5dud: 33 x 28 x 4,5 cm. Okladi kaal: 349,5 g.<\/p><\/blockquote>\n<p><\/p>","protected":false},"excerpt":{"rendered":"<p>Vene ikoon &#8220;Johannes (apostel)&#8221;. Ikoon: puit, levkas, tempera, \u00f5huke kullaleht. Jaroslavl, 18. sajandi l\u00f5pp. Oklad: h\u00f5be 84, kullatud. Moskva, 1814. Meister: &#8220;\u0410\u0413.&#8221;.<\/p>\n<blockquote><p>M\u00f5\u00f5dud: 33 x 28 x 4,5 cm. Okladi kaal: 349,5 g.<\/p><\/blockquote>\n","protected":false},"featured_media":14267,"comment_status":"closed","ping_status":"closed","template":"","meta":{"_exactmetrics_skip_tracking":false,"_exactmetrics_sitenote_active":false,"_exactmetrics_sitenote_note":"","_exactmetrics_sitenote_category":0,"_uf_show_specific_survey":0,"_uf_disable_surveys":false},"product_brand":[],"product_cat":[13],"product_tag":[],"class_list":{"0":"post-14266","1":"product","2":"type-product","3":"status-publish","4":"has-post-thumbnail","6":"product_cat-icons","7":"product_shipping_class-big-item-1500-3000-g","9":"first","10":"instock","11":"shipping-taxable","12":"purchasable","13":"product-type-simple"},"aioseo_notices":[],"_links":{"self":[{"href":"https:\/\/thebestantique.com\/et\/wp-json\/wp\/v2\/product\/14266","targetHints":{"allow":["GET"]}}],"collection":[{"href":"https:\/\/thebestantique.com\/et\/wp-json\/wp\/v2\/product"}],"about":[{"href":"https:\/\/thebestantique.com\/et\/wp-json\/wp\/v2\/types\/product"}],"replies":[{"embeddable":true,"href":"https:\/\/thebestantique.com\/et\/wp-json\/wp\/v2\/comments?post=14266"}],"wp:featuredmedia":[{"embeddable":true,"href":"https:\/\/thebestantique.com\/et\/wp-json\/wp\/v2\/media\/14267"}],"wp:attachment":[{"href":"https:\/\/thebestantique.com\/et\/wp-json\/wp\/v2\/media?parent=14266"}],"wp:term":[{"taxonomy":"product_brand","embeddable":true,"href":"https:\/\/thebestantique.com\/et\/wp-json\/wp\/v2\/product_brand?post=14266"},{"taxonomy":"product_cat","embeddable":true,"href":"https:\/\/thebestantique.com\/et\/wp-json\/wp\/v2\/product_cat?post=14266"},{"taxonomy":"product_tag","embeddable":true,"href":"https:\/\/thebestantique.com\/et\/wp-json\/wp\/v2\/product_tag?post=14266"}],"curies":[{"name":"wp","href":"https:\/\/api.w.org\/{rel}","templated":true}]}}