{"id":14255,"date":"2022-06-02T14:19:39","date_gmt":"2022-06-02T12:19:39","guid":{"rendered":"https:\/\/thebestantique.com\/?post_type=product&#038;p=14255"},"modified":"2022-06-02T14:19:39","modified_gmt":"2022-06-02T12:19:39","slug":"an-icon-the-mother-of-god-of-korsun","status":"publish","type":"product","link":"https:\/\/thebestantique.com\/et\/product\/an-icon-the-mother-of-god-of-korsun\/","title":{"rendered":"Vene ikoon &#8220;Korsunskaja Jumalaema&#8221;"},"content":{"rendered":"<p>Vene ikoon &#8220;Korsunskaja Jumalaema&#8221;. Puit, levkas, tempera, \u00f5huke kullaleht. Oklad: h\u00f5be 64, kullatud, v\u00e4rvilised v\u00e4\u00e4ris- v\u00f5i klaaskivid, niello, vermingu- ja graveeringuga. Vladimir, 1857. Meister: &#8220;\u0424\u0427&#8221;.<\/p>\n<blockquote><p>M\u00f5\u00f5dud: 33 x 27,5 x 5 cm. Okladi kaal: 558,5 g.<\/p><\/blockquote>\n<p><\/p>","protected":false},"excerpt":{"rendered":"<p>Vene ikoon &#8220;Korsunskaja Jumalaema&#8221;. Puit, levkas, tempera, \u00f5huke kullaleht. Oklad: h\u00f5be 64, kullatud, v\u00e4rvilised v\u00e4\u00e4ris- v\u00f5i klaaskivid, niello, vermingu- ja graveeringuga. Vladimir, 1857. Meister: &#8220;\u0424\u0427&#8221;.<\/p>\n<blockquote><p>M\u00f5\u00f5dud: 33 x 27,5 x 5 cm. Okladi kaal: 558,5 g.<\/p><\/blockquote>\n","protected":false},"featured_media":14256,"comment_status":"closed","ping_status":"closed","template":"","meta":{"_exactmetrics_skip_tracking":false,"_exactmetrics_sitenote_active":false,"_exactmetrics_sitenote_note":"","_exactmetrics_sitenote_category":0,"_uf_show_specific_survey":0,"_uf_disable_surveys":false},"product_brand":[],"product_cat":[13],"product_tag":[],"class_list":{"0":"post-14255","1":"product","2":"type-product","3":"status-publish","4":"has-post-thumbnail","6":"product_cat-icons","7":"product_shipping_class-big-item-1500-3000-g","9":"first","10":"instock","11":"shipping-taxable","12":"purchasable","13":"product-type-simple"},"aioseo_notices":[],"_links":{"self":[{"href":"https:\/\/thebestantique.com\/et\/wp-json\/wp\/v2\/product\/14255","targetHints":{"allow":["GET"]}}],"collection":[{"href":"https:\/\/thebestantique.com\/et\/wp-json\/wp\/v2\/product"}],"about":[{"href":"https:\/\/thebestantique.com\/et\/wp-json\/wp\/v2\/types\/product"}],"replies":[{"embeddable":true,"href":"https:\/\/thebestantique.com\/et\/wp-json\/wp\/v2\/comments?post=14255"}],"wp:featuredmedia":[{"embeddable":true,"href":"https:\/\/thebestantique.com\/et\/wp-json\/wp\/v2\/media\/14256"}],"wp:attachment":[{"href":"https:\/\/thebestantique.com\/et\/wp-json\/wp\/v2\/media?parent=14255"}],"wp:term":[{"taxonomy":"product_brand","embeddable":true,"href":"https:\/\/thebestantique.com\/et\/wp-json\/wp\/v2\/product_brand?post=14255"},{"taxonomy":"product_cat","embeddable":true,"href":"https:\/\/thebestantique.com\/et\/wp-json\/wp\/v2\/product_cat?post=14255"},{"taxonomy":"product_tag","embeddable":true,"href":"https:\/\/thebestantique.com\/et\/wp-json\/wp\/v2\/product_tag?post=14255"}],"curies":[{"name":"wp","href":"https:\/\/api.w.org\/{rel}","templated":true}]}}