{"id":14240,"date":"2022-06-02T14:04:09","date_gmt":"2022-06-02T12:04:09","guid":{"rendered":"https:\/\/thebestantique.com\/?post_type=product&#038;p=14240"},"modified":"2022-12-02T11:13:55","modified_gmt":"2022-12-02T09:13:55","slug":"a-russian-wood-and-tempera-icon-of-saint-zosima-and-saint-savatiy","status":"publish","type":"product","link":"https:\/\/thebestantique.com\/et\/product\/a-russian-wood-and-tempera-icon-of-saint-zosima-and-saint-savatiy\/","title":{"rendered":"Vene ikoon &#8220;P\u00fcha Savvati ja P\u00fcha Zosima&#8221;"},"content":{"rendered":"<p>Vene ikoon &#8220;P\u00fcha Savvati ja P\u00fcha Zosima&#8221;. Puit, p\u00f5hi, tempera. 19-20 sajand. Moskva.<\/p>\n<blockquote><p>M\u00f5\u00f5dud: 44 x 46,7 x 4 cm.<\/p><\/blockquote>\n<p><\/p>","protected":false},"excerpt":{"rendered":"<p>Vene ikoon &#8220;P\u00fcha Savvati ja P\u00fcha Zosima&#8221;. Puit, p\u00f5hi, tempera. 19-20 sajand. Moskva.<\/p>\n<blockquote><p>M\u00f5\u00f5dud: 44 x 46,7 x 4 cm.<\/p><\/blockquote>\n","protected":false},"featured_media":14241,"comment_status":"closed","ping_status":"closed","template":"","meta":{"_exactmetrics_skip_tracking":false,"_exactmetrics_sitenote_active":false,"_exactmetrics_sitenote_note":"","_exactmetrics_sitenote_category":0,"_uf_show_specific_survey":0,"_uf_disable_surveys":false},"product_brand":[],"product_cat":[421],"product_tag":[],"class_list":{"0":"post-14240","1":"product","2":"type-product","3":"status-publish","4":"has-post-thumbnail","6":"product_cat-sold-items","7":"product_shipping_class-big-item-1500-3000-g","9":"first","10":"outofstock","11":"shipping-taxable","12":"product-type-simple"},"aioseo_notices":[],"_links":{"self":[{"href":"https:\/\/thebestantique.com\/et\/wp-json\/wp\/v2\/product\/14240","targetHints":{"allow":["GET"]}}],"collection":[{"href":"https:\/\/thebestantique.com\/et\/wp-json\/wp\/v2\/product"}],"about":[{"href":"https:\/\/thebestantique.com\/et\/wp-json\/wp\/v2\/types\/product"}],"replies":[{"embeddable":true,"href":"https:\/\/thebestantique.com\/et\/wp-json\/wp\/v2\/comments?post=14240"}],"wp:featuredmedia":[{"embeddable":true,"href":"https:\/\/thebestantique.com\/et\/wp-json\/wp\/v2\/media\/14241"}],"wp:attachment":[{"href":"https:\/\/thebestantique.com\/et\/wp-json\/wp\/v2\/media?parent=14240"}],"wp:term":[{"taxonomy":"product_brand","embeddable":true,"href":"https:\/\/thebestantique.com\/et\/wp-json\/wp\/v2\/product_brand?post=14240"},{"taxonomy":"product_cat","embeddable":true,"href":"https:\/\/thebestantique.com\/et\/wp-json\/wp\/v2\/product_cat?post=14240"},{"taxonomy":"product_tag","embeddable":true,"href":"https:\/\/thebestantique.com\/et\/wp-json\/wp\/v2\/product_tag?post=14240"}],"curies":[{"name":"wp","href":"https:\/\/api.w.org\/{rel}","templated":true}]}}