{"id":14213,"date":"2022-06-02T13:43:14","date_gmt":"2022-06-02T11:43:14","guid":{"rendered":"https:\/\/thebestantique.com\/?post_type=product&#038;p=14213"},"modified":"2022-12-02T11:12:38","modified_gmt":"2022-12-02T09:12:38","slug":"a-finely-painted-russian-icon-of-the-resurrection-of-christ-and-descent-into-hell","status":"publish","type":"product","link":"https:\/\/thebestantique.com\/et\/product\/a-finely-painted-russian-icon-of-the-resurrection-of-christ-and-descent-into-hell\/","title":{"rendered":"Peeneks maalitud vene &#8220;\u00dclest\u00f5usmisp\u00fcha&#8221; ikoon"},"content":{"rendered":"<p>Peeneks maalitud vene &#8220;\u00dclest\u00f5usmisp\u00fcha&#8221; ikoon. Puit, temperamaal. Jaroslavl. 18. sajandi l\u00f5pp &#8211; 19. sajandi algus.<\/p>\n<blockquote><p>M\u00f5\u00f5dud: 21 \u0445 16 cm.<\/p><\/blockquote>\n<p><\/p>","protected":false},"excerpt":{"rendered":"<p>Peeneks maalitud vene &#8220;\u00dclest\u00f5usmisp\u00fcha&#8221; ikoon. Puit, temperamaal. Jaroslavl. 18. sajandi l\u00f5pp &#8211; 19. sajandi algus.<\/p>\n<blockquote><p>M\u00f5\u00f5dud: 21 \u0445 16 cm.<\/p><\/blockquote>\n","protected":false},"featured_media":14214,"comment_status":"closed","ping_status":"closed","template":"","meta":{"_exactmetrics_skip_tracking":false,"_exactmetrics_sitenote_active":false,"_exactmetrics_sitenote_note":"","_exactmetrics_sitenote_category":0,"_uf_show_specific_survey":0,"_uf_disable_surveys":false},"product_brand":[],"product_cat":[421],"product_tag":[],"class_list":{"0":"post-14213","1":"product","2":"type-product","3":"status-publish","4":"has-post-thumbnail","6":"product_cat-sold-items","7":"product_shipping_class-average-item-500-1500-g","9":"first","10":"outofstock","11":"shipping-taxable","12":"product-type-simple"},"aioseo_notices":[],"_links":{"self":[{"href":"https:\/\/thebestantique.com\/et\/wp-json\/wp\/v2\/product\/14213","targetHints":{"allow":["GET"]}}],"collection":[{"href":"https:\/\/thebestantique.com\/et\/wp-json\/wp\/v2\/product"}],"about":[{"href":"https:\/\/thebestantique.com\/et\/wp-json\/wp\/v2\/types\/product"}],"replies":[{"embeddable":true,"href":"https:\/\/thebestantique.com\/et\/wp-json\/wp\/v2\/comments?post=14213"}],"wp:featuredmedia":[{"embeddable":true,"href":"https:\/\/thebestantique.com\/et\/wp-json\/wp\/v2\/media\/14214"}],"wp:attachment":[{"href":"https:\/\/thebestantique.com\/et\/wp-json\/wp\/v2\/media?parent=14213"}],"wp:term":[{"taxonomy":"product_brand","embeddable":true,"href":"https:\/\/thebestantique.com\/et\/wp-json\/wp\/v2\/product_brand?post=14213"},{"taxonomy":"product_cat","embeddable":true,"href":"https:\/\/thebestantique.com\/et\/wp-json\/wp\/v2\/product_cat?post=14213"},{"taxonomy":"product_tag","embeddable":true,"href":"https:\/\/thebestantique.com\/et\/wp-json\/wp\/v2\/product_tag?post=14213"}],"curies":[{"name":"wp","href":"https:\/\/api.w.org\/{rel}","templated":true}]}}