{"id":14207,"date":"2022-06-02T12:56:30","date_gmt":"2022-06-02T10:56:30","guid":{"rendered":"https:\/\/thebestantique.com\/?post_type=product&#038;p=14207"},"modified":"2022-06-02T12:56:30","modified_gmt":"2022-06-02T10:56:30","slug":"a-russian-icon-st-prince-alexander-nevsky","status":"publish","type":"product","link":"https:\/\/thebestantique.com\/et\/product\/a-russian-icon-st-prince-alexander-nevsky\/","title":{"rendered":"Vene ikoon &#8220;P\u00fcha v\u00fcrst Aleksandr Nevski&#8221;"},"content":{"rendered":"<p>Vene ikoon &#8220;P\u00fcha v\u00fcrst Aleksandr Nevski&#8221;. Ikoon: puit, \u00f5li. Oklad: h\u00f5be 84, vermimine. Moskva,19. sajandi keskpaik. Meister: &#8220;\u0412\u0421&#8221;.<\/p>\n<blockquote><p>M\u00f5\u00f5dud: 22,5 x 18 x 3 cm. Raami kaal: 135,3 g.<\/p><\/blockquote>\n<p><\/p>","protected":false},"excerpt":{"rendered":"<p>Vene ikoon &#8220;P\u00fcha v\u00fcrst Aleksandr Nevski&#8221;. Ikoon: puit, \u00f5li. Oklad: h\u00f5be 84, vermimine. Moskva,19. sajandi keskpaik. Meister: &#8220;\u0412\u0421&#8221;.<\/p>\n<blockquote><p>M\u00f5\u00f5dud: 22,5 x 18 x 3 cm. Raami kaal: 135,3 g.<\/p><\/blockquote>\n","protected":false},"featured_media":14208,"comment_status":"closed","ping_status":"closed","template":"","meta":{"_exactmetrics_skip_tracking":false,"_exactmetrics_sitenote_active":false,"_exactmetrics_sitenote_note":"","_exactmetrics_sitenote_category":0,"_uf_show_specific_survey":0,"_uf_disable_surveys":false},"product_brand":[],"product_cat":[13],"product_tag":[],"class_list":{"0":"post-14207","1":"product","2":"type-product","3":"status-publish","4":"has-post-thumbnail","6":"product_cat-icons","7":"product_shipping_class-average-item-500-1500-g","9":"first","10":"instock","11":"shipping-taxable","12":"purchasable","13":"product-type-simple"},"aioseo_notices":[],"_links":{"self":[{"href":"https:\/\/thebestantique.com\/et\/wp-json\/wp\/v2\/product\/14207","targetHints":{"allow":["GET"]}}],"collection":[{"href":"https:\/\/thebestantique.com\/et\/wp-json\/wp\/v2\/product"}],"about":[{"href":"https:\/\/thebestantique.com\/et\/wp-json\/wp\/v2\/types\/product"}],"replies":[{"embeddable":true,"href":"https:\/\/thebestantique.com\/et\/wp-json\/wp\/v2\/comments?post=14207"}],"wp:featuredmedia":[{"embeddable":true,"href":"https:\/\/thebestantique.com\/et\/wp-json\/wp\/v2\/media\/14208"}],"wp:attachment":[{"href":"https:\/\/thebestantique.com\/et\/wp-json\/wp\/v2\/media?parent=14207"}],"wp:term":[{"taxonomy":"product_brand","embeddable":true,"href":"https:\/\/thebestantique.com\/et\/wp-json\/wp\/v2\/product_brand?post=14207"},{"taxonomy":"product_cat","embeddable":true,"href":"https:\/\/thebestantique.com\/et\/wp-json\/wp\/v2\/product_cat?post=14207"},{"taxonomy":"product_tag","embeddable":true,"href":"https:\/\/thebestantique.com\/et\/wp-json\/wp\/v2\/product_tag?post=14207"}],"curies":[{"name":"wp","href":"https:\/\/api.w.org\/{rel}","templated":true}]}}