{"id":14202,"date":"2022-06-02T12:49:05","date_gmt":"2022-06-02T10:49:05","guid":{"rendered":"https:\/\/thebestantique.com\/?post_type=product&#038;p=14202"},"modified":"2025-08-23T13:18:26","modified_gmt":"2025-08-23T11:18:26","slug":"a-russian-icon-of-the-fiery-mother-of-god-with-the-forthcoming","status":"publish","type":"product","link":"https:\/\/thebestantique.com\/et\/product\/a-russian-icon-of-the-fiery-mother-of-god-with-the-forthcoming\/","title":{"rendered":"Vene ikoon &#8221; 4 P\u00fchakuga Jumalaema&#8221;"},"content":{"rendered":"<p>Vene ikoon &#8221; 4 P\u00fchakuga Jumalaema&#8221;. Ikoon: puit, levkas, tempera, \u00f5huke kullaleht. 19 sajandi teine pool. Oklad: helmestikand.<\/p>\n<blockquote><p>M\u00f5\u00f5dud: 19 x 15,5 x 4 cm.<\/p><\/blockquote>\n<p><\/p>","protected":false},"excerpt":{"rendered":"<p>Vene ikoon &#8221; 4 P\u00fchakuga Jumalaema&#8221;. Ikoon: puit, levkas, tempera, \u00f5huke kullaleht. 19 sajandi teine pool. Oklad: helmestikand.<\/p>\n<blockquote><p>M\u00f5\u00f5dud: 19 x 15,5 x 4 cm.<\/p><\/blockquote>\n","protected":false},"featured_media":14203,"comment_status":"closed","ping_status":"closed","template":"","meta":{"_exactmetrics_skip_tracking":false,"_exactmetrics_sitenote_active":false,"_exactmetrics_sitenote_note":"","_exactmetrics_sitenote_category":0,"_uf_show_specific_survey":0,"_uf_disable_surveys":false},"product_brand":[],"product_cat":[421],"product_tag":[],"class_list":{"0":"post-14202","1":"product","2":"type-product","3":"status-publish","4":"has-post-thumbnail","6":"product_cat-sold-items","7":"product_shipping_class-average-item-500-1500-g","9":"first","10":"outofstock","11":"shipping-taxable","12":"product-type-simple"},"aioseo_notices":[],"_links":{"self":[{"href":"https:\/\/thebestantique.com\/et\/wp-json\/wp\/v2\/product\/14202","targetHints":{"allow":["GET"]}}],"collection":[{"href":"https:\/\/thebestantique.com\/et\/wp-json\/wp\/v2\/product"}],"about":[{"href":"https:\/\/thebestantique.com\/et\/wp-json\/wp\/v2\/types\/product"}],"replies":[{"embeddable":true,"href":"https:\/\/thebestantique.com\/et\/wp-json\/wp\/v2\/comments?post=14202"}],"wp:featuredmedia":[{"embeddable":true,"href":"https:\/\/thebestantique.com\/et\/wp-json\/wp\/v2\/media\/14203"}],"wp:attachment":[{"href":"https:\/\/thebestantique.com\/et\/wp-json\/wp\/v2\/media?parent=14202"}],"wp:term":[{"taxonomy":"product_brand","embeddable":true,"href":"https:\/\/thebestantique.com\/et\/wp-json\/wp\/v2\/product_brand?post=14202"},{"taxonomy":"product_cat","embeddable":true,"href":"https:\/\/thebestantique.com\/et\/wp-json\/wp\/v2\/product_cat?post=14202"},{"taxonomy":"product_tag","embeddable":true,"href":"https:\/\/thebestantique.com\/et\/wp-json\/wp\/v2\/product_tag?post=14202"}],"curies":[{"name":"wp","href":"https:\/\/api.w.org\/{rel}","templated":true}]}}