{"id":14190,"date":"2022-06-02T12:11:25","date_gmt":"2022-06-02T10:11:25","guid":{"rendered":"https:\/\/thebestantique.com\/?post_type=product&#038;p=14190"},"modified":"2022-06-02T12:11:25","modified_gmt":"2022-06-02T10:11:25","slug":"the-decanter-set-on-ornate-silver-plated-base","status":"publish","type":"product","link":"https:\/\/thebestantique.com\/et\/product\/the-decanter-set-on-ornate-silver-plated-base\/","title":{"rendered":"Dekanteri alus"},"content":{"rendered":"<p>Dekanteri alus, mis on seatud kaunistatud h\u00f5bedaga kaetud alusele ja millel on graveeritud kilbiga identifitseeriv sisu (br\u00e4ndi, d\u017einn, viski).<\/p>\n<blockquote><p>K\u00f5rgus: 33 cm. Pudeli l\u00e4bim\u00f5\u00f5t 9 cm.<\/p><\/blockquote>\n<p><\/p>","protected":false},"excerpt":{"rendered":"<p>Dekanteri alus, mis on seatud kaunistatud h\u00f5bedaga kaetud alusele ja millel on graveeritud kilbiga identifitseeriv sisu (br\u00e4ndi, d\u017einn, viski).<\/p>\n<blockquote><p>K\u00f5rgus: 33 cm. Pudeli l\u00e4bim\u00f5\u00f5t 9 cm.<\/p><\/blockquote>\n","protected":false},"featured_media":14191,"comment_status":"closed","ping_status":"closed","template":"","meta":{"_exactmetrics_skip_tracking":false,"_exactmetrics_sitenote_active":false,"_exactmetrics_sitenote_note":"","_exactmetrics_sitenote_category":0,"_uf_show_specific_survey":0,"_uf_disable_surveys":false},"product_brand":[],"product_cat":[221,291],"product_tag":[],"class_list":{"0":"post-14190","1":"product","2":"type-product","3":"status-publish","4":"has-post-thumbnail","6":"product_cat-flatware-and-serving-pieces","7":"product_cat-other","8":"product_shipping_class-average-item-500-1500-g","10":"first","11":"instock","12":"shipping-taxable","13":"purchasable","14":"product-type-simple"},"aioseo_notices":[],"_links":{"self":[{"href":"https:\/\/thebestantique.com\/et\/wp-json\/wp\/v2\/product\/14190","targetHints":{"allow":["GET"]}}],"collection":[{"href":"https:\/\/thebestantique.com\/et\/wp-json\/wp\/v2\/product"}],"about":[{"href":"https:\/\/thebestantique.com\/et\/wp-json\/wp\/v2\/types\/product"}],"replies":[{"embeddable":true,"href":"https:\/\/thebestantique.com\/et\/wp-json\/wp\/v2\/comments?post=14190"}],"wp:featuredmedia":[{"embeddable":true,"href":"https:\/\/thebestantique.com\/et\/wp-json\/wp\/v2\/media\/14191"}],"wp:attachment":[{"href":"https:\/\/thebestantique.com\/et\/wp-json\/wp\/v2\/media?parent=14190"}],"wp:term":[{"taxonomy":"product_brand","embeddable":true,"href":"https:\/\/thebestantique.com\/et\/wp-json\/wp\/v2\/product_brand?post=14190"},{"taxonomy":"product_cat","embeddable":true,"href":"https:\/\/thebestantique.com\/et\/wp-json\/wp\/v2\/product_cat?post=14190"},{"taxonomy":"product_tag","embeddable":true,"href":"https:\/\/thebestantique.com\/et\/wp-json\/wp\/v2\/product_tag?post=14190"}],"curies":[{"name":"wp","href":"https:\/\/api.w.org\/{rel}","templated":true}]}}