{"id":14183,"date":"2022-06-02T11:58:32","date_gmt":"2022-06-02T09:58:32","guid":{"rendered":"https:\/\/thebestantique.com\/?post_type=product&#038;p=14183"},"modified":"2022-06-02T11:58:32","modified_gmt":"2022-06-02T09:58:32","slug":"table-lamp-with-clock-around-1920-profiled-stand-square-body-above","status":"publish","type":"product","link":"https:\/\/thebestantique.com\/et\/product\/table-lamp-with-clock-around-1920-profiled-stand-square-body-above\/","title":{"rendered":"Kellaga lauavalgusti, umbes 1920"},"content":{"rendered":"<p>Kellaga lauavalgusti, umbes 1920. Profiiliga alus, ruudukujulise korpusega. Soonega diagonaalselt soonega vihmavari ja pistikuhoidik. T\u00f5en\u00e4oliselt h\u00f5be, mitu l\u00f6\u00f6ki. Esik\u00fcljele sisseehitatud kell. Kettale on kirjutatud &#8220;Trademark PARKER&#8221;, sealhulgas &#8220;A.R. HOTCHKISSi patent&#8221;. Inglismaa umbes 1920. a. Kasutatud, heas korras, m\u00f5nev\u00f5rra rikutud, kell l\u00e4heb, elektris\u00fcsteem t\u00f6\u00f6korras (garantiid puuduvad).<\/p>\n<blockquote><p>K\u00f5rgus: 38 cm.<\/p><\/blockquote>\n<p><\/p>","protected":false},"excerpt":{"rendered":"<p>Kellaga lauavalgusti, umbes 1920. Profiiliga alus, ruudukujulise korpusega. Soonega diagonaalselt soonega vihmavari ja pistikuhoidik. T\u00f5en\u00e4oliselt h\u00f5be, mitu l\u00f6\u00f6ki. Esik\u00fcljele sisseehitatud kell. Kettale on kirjutatud &#8220;Trademark PARKER&#8221;, sealhulgas &#8220;A.R. HOTCHKISSi patent&#8221;. Inglismaa umbes 1920. a. Kasutatud, heas korras, m\u00f5nev\u00f5rra rikutud, kell l\u00e4heb, elektris\u00fcsteem t\u00f6\u00f6korras (garantiid puuduvad).<\/p>\n<blockquote><p>K\u00f5rgus: 38 cm.<\/p><\/blockquote>\n","protected":false},"featured_media":14184,"comment_status":"closed","ping_status":"closed","template":"","meta":{"_exactmetrics_skip_tracking":false,"_exactmetrics_sitenote_active":false,"_exactmetrics_sitenote_note":"","_exactmetrics_sitenote_category":0,"_uf_show_specific_survey":0,"_uf_disable_surveys":false},"product_brand":[],"product_cat":[179,206,291],"product_tag":[],"class_list":{"0":"post-14183","1":"product","2":"type-product","3":"status-publish","4":"has-post-thumbnail","6":"product_cat-clocks-and-watches","7":"product_cat-desk-clocks","8":"product_cat-other","9":"product_shipping_class-big-item-1500-3000-g","11":"first","12":"instock","13":"shipping-taxable","14":"purchasable","15":"product-type-simple"},"aioseo_notices":[],"_links":{"self":[{"href":"https:\/\/thebestantique.com\/et\/wp-json\/wp\/v2\/product\/14183","targetHints":{"allow":["GET"]}}],"collection":[{"href":"https:\/\/thebestantique.com\/et\/wp-json\/wp\/v2\/product"}],"about":[{"href":"https:\/\/thebestantique.com\/et\/wp-json\/wp\/v2\/types\/product"}],"replies":[{"embeddable":true,"href":"https:\/\/thebestantique.com\/et\/wp-json\/wp\/v2\/comments?post=14183"}],"wp:featuredmedia":[{"embeddable":true,"href":"https:\/\/thebestantique.com\/et\/wp-json\/wp\/v2\/media\/14184"}],"wp:attachment":[{"href":"https:\/\/thebestantique.com\/et\/wp-json\/wp\/v2\/media?parent=14183"}],"wp:term":[{"taxonomy":"product_brand","embeddable":true,"href":"https:\/\/thebestantique.com\/et\/wp-json\/wp\/v2\/product_brand?post=14183"},{"taxonomy":"product_cat","embeddable":true,"href":"https:\/\/thebestantique.com\/et\/wp-json\/wp\/v2\/product_cat?post=14183"},{"taxonomy":"product_tag","embeddable":true,"href":"https:\/\/thebestantique.com\/et\/wp-json\/wp\/v2\/product_tag?post=14183"}],"curies":[{"name":"wp","href":"https:\/\/api.w.org\/{rel}","templated":true}]}}