{"id":14175,"date":"2022-06-02T11:50:34","date_gmt":"2022-06-02T09:50:34","guid":{"rendered":"https:\/\/thebestantique.com\/?post_type=product&#038;p=14175"},"modified":"2023-09-28T10:27:46","modified_gmt":"2023-09-28T08:27:46","slug":"set-for-spices-owls-84-silver-st-petersburg","status":"publish","type":"product","link":"https:\/\/thebestantique.com\/et\/product\/set-for-spices-owls-84-silver-st-petersburg\/","title":{"rendered":"H\u00f5be maitseainete komplekt &#8220;\u00d6\u00f6kullid&#8221;. H\u00f5be 84 proov"},"content":{"rendered":"<p>H\u00f5be maitseainete komplekt &#8220;\u00d6\u00f6kullid&#8221;. H\u00f5be 84 proov, kullatud, verminguga. Peterburg, 19 sajandi l\u00f5pp.<\/p>\n<blockquote><p>Meister: &#8220;\u0412\u0418&#8221;. M\u00f5\u00f5dud: 7 x 3,7 x 3,3 cm. Kaal: 227,8 g.<\/p><\/blockquote>\n<p><\/p>","protected":false},"excerpt":{"rendered":"<p>H\u00f5be maitseainete komplekt &#8220;\u00d6\u00f6kullid&#8221;. H\u00f5be 84 proov, kullatud, verminguga. Peterburg, 19 sajandi l\u00f5pp.<\/p>\n<blockquote><p>Meister: &#8220;\u0412\u0418&#8221;. M\u00f5\u00f5dud: 7 x 3,7 x 3,3 cm. Kaal: 227,8 g.<\/p><\/blockquote>\n","protected":false},"featured_media":14176,"comment_status":"closed","ping_status":"closed","template":"","meta":{"_exactmetrics_skip_tracking":false,"_exactmetrics_sitenote_active":false,"_exactmetrics_sitenote_note":"","_exactmetrics_sitenote_category":0,"_uf_show_specific_survey":0,"_uf_disable_surveys":false},"product_brand":[],"product_cat":[421],"product_tag":[],"class_list":{"0":"post-14175","1":"product","2":"type-product","3":"status-publish","4":"has-post-thumbnail","6":"product_cat-sold-items","7":"product_shipping_class-small-item-0-500-g","9":"first","10":"outofstock","11":"shipping-taxable","12":"product-type-simple"},"aioseo_notices":[],"_links":{"self":[{"href":"https:\/\/thebestantique.com\/et\/wp-json\/wp\/v2\/product\/14175","targetHints":{"allow":["GET"]}}],"collection":[{"href":"https:\/\/thebestantique.com\/et\/wp-json\/wp\/v2\/product"}],"about":[{"href":"https:\/\/thebestantique.com\/et\/wp-json\/wp\/v2\/types\/product"}],"replies":[{"embeddable":true,"href":"https:\/\/thebestantique.com\/et\/wp-json\/wp\/v2\/comments?post=14175"}],"wp:featuredmedia":[{"embeddable":true,"href":"https:\/\/thebestantique.com\/et\/wp-json\/wp\/v2\/media\/14176"}],"wp:attachment":[{"href":"https:\/\/thebestantique.com\/et\/wp-json\/wp\/v2\/media?parent=14175"}],"wp:term":[{"taxonomy":"product_brand","embeddable":true,"href":"https:\/\/thebestantique.com\/et\/wp-json\/wp\/v2\/product_brand?post=14175"},{"taxonomy":"product_cat","embeddable":true,"href":"https:\/\/thebestantique.com\/et\/wp-json\/wp\/v2\/product_cat?post=14175"},{"taxonomy":"product_tag","embeddable":true,"href":"https:\/\/thebestantique.com\/et\/wp-json\/wp\/v2\/product_tag?post=14175"}],"curies":[{"name":"wp","href":"https:\/\/api.w.org\/{rel}","templated":true}]}}