{"id":14168,"date":"2022-06-02T11:14:04","date_gmt":"2022-06-02T09:14:04","guid":{"rendered":"https:\/\/thebestantique.com\/?post_type=product&#038;p=14168"},"modified":"2026-01-09T21:30:39","modified_gmt":"2026-01-09T19:30:39","slug":"a-russian-gold-guilloche-enamel-and-diamonds-cufflinks","status":"publish","type":"product","link":"https:\/\/thebestantique.com\/et\/product\/a-russian-gold-guilloche-enamel-and-diamonds-cufflinks\/","title":{"rendered":"Vene mansetin\u00f6\u00f6bid. Vilno (Vilnius)"},"content":{"rendered":"<p>Vene mansetin\u00f6\u00f6bid. Kuld, emailiga, giljo\u0161\u0161muster, teemandid. Vilno (Vilnius), 1899-1908<\/p>\n<blockquote><p>M\u00f5\u00f5dud: 1,3 x 1,3 x 0,2 cm. Kaal: 8,5 g.<\/p><\/blockquote>\n<p><\/p>","protected":false},"excerpt":{"rendered":"<p>Vene mansetin\u00f6\u00f6bid. Kuld, emailiga, giljo\u0161\u0161muster, teemandid. Vilno (Vilnius), 1899-1908<\/p>\n<blockquote><p>M\u00f5\u00f5dud: 1,3 x 1,3 x 0,2 cm. Kaal: 8,5 g.<\/p><\/blockquote>\n","protected":false},"featured_media":14169,"comment_status":"closed","ping_status":"closed","template":"","meta":{"_exactmetrics_skip_tracking":false,"_exactmetrics_sitenote_active":false,"_exactmetrics_sitenote_note":"","_exactmetrics_sitenote_category":0,"_uf_show_specific_survey":0,"_uf_disable_surveys":false},"product_brand":[],"product_cat":[421],"product_tag":[],"class_list":{"0":"post-14168","1":"product","2":"type-product","3":"status-publish","4":"has-post-thumbnail","6":"product_cat-sold-items","7":"product_shipping_class-small-item-0-500-g","9":"first","10":"outofstock","11":"shipping-taxable","12":"product-type-simple"},"aioseo_notices":[],"_links":{"self":[{"href":"https:\/\/thebestantique.com\/et\/wp-json\/wp\/v2\/product\/14168","targetHints":{"allow":["GET"]}}],"collection":[{"href":"https:\/\/thebestantique.com\/et\/wp-json\/wp\/v2\/product"}],"about":[{"href":"https:\/\/thebestantique.com\/et\/wp-json\/wp\/v2\/types\/product"}],"replies":[{"embeddable":true,"href":"https:\/\/thebestantique.com\/et\/wp-json\/wp\/v2\/comments?post=14168"}],"wp:featuredmedia":[{"embeddable":true,"href":"https:\/\/thebestantique.com\/et\/wp-json\/wp\/v2\/media\/14169"}],"wp:attachment":[{"href":"https:\/\/thebestantique.com\/et\/wp-json\/wp\/v2\/media?parent=14168"}],"wp:term":[{"taxonomy":"product_brand","embeddable":true,"href":"https:\/\/thebestantique.com\/et\/wp-json\/wp\/v2\/product_brand?post=14168"},{"taxonomy":"product_cat","embeddable":true,"href":"https:\/\/thebestantique.com\/et\/wp-json\/wp\/v2\/product_cat?post=14168"},{"taxonomy":"product_tag","embeddable":true,"href":"https:\/\/thebestantique.com\/et\/wp-json\/wp\/v2\/product_tag?post=14168"}],"curies":[{"name":"wp","href":"https:\/\/api.w.org\/{rel}","templated":true}]}}