{"id":14161,"date":"2022-06-02T11:06:47","date_gmt":"2022-06-02T09:06:47","guid":{"rendered":"https:\/\/thebestantique.com\/?post_type=product&#038;p=14161"},"modified":"2022-10-03T12:12:33","modified_gmt":"2022-10-03T10:12:33","slug":"a-russian-silver-gilt-cloisonne-enamel-and-cabochons-box-p-ovchinnikov","status":"publish","type":"product","link":"https:\/\/thebestantique.com\/et\/product\/a-russian-silver-gilt-cloisonne-enamel-and-cabochons-box-p-ovchinnikov\/","title":{"rendered":"Vene laegas. H\u00f5be, v\u00e4rviline email, granaat. Ovtsinnikov."},"content":{"rendered":"<p>Vene laegas. H\u00f5be, v\u00e4rviline email, granaat. Ovtsinnikov. Moskva,1908-1917<\/p>\n<blockquote><p>M\u00f5\u00f5dud: 2,5 x 6 x 4,5 cm. Kaal: 35 g.<\/p><\/blockquote>\n<p><\/p>","protected":false},"excerpt":{"rendered":"<p>Vene laegas. H\u00f5be, v\u00e4rviline email, granaat. Ovtsinnikov. Moskva,1908-1917<\/p>\n<blockquote><p>M\u00f5\u00f5dud: 2,5 x 6 x 4,5 cm. Kaal: 35 g.<\/p><\/blockquote>\n","protected":false},"featured_media":14163,"comment_status":"closed","ping_status":"closed","template":"","meta":{"_exactmetrics_skip_tracking":false,"_exactmetrics_sitenote_active":false,"_exactmetrics_sitenote_note":"","_exactmetrics_sitenote_category":0,"_uf_show_specific_survey":0,"_uf_disable_surveys":false},"product_brand":[],"product_cat":[421],"product_tag":[],"class_list":{"0":"post-14161","1":"product","2":"type-product","3":"status-publish","4":"has-post-thumbnail","6":"product_cat-sold-items","7":"product_shipping_class-small-item-0-500-g","9":"first","10":"outofstock","11":"shipping-taxable","12":"purchasable","13":"product-type-simple"},"aioseo_notices":[],"_links":{"self":[{"href":"https:\/\/thebestantique.com\/et\/wp-json\/wp\/v2\/product\/14161","targetHints":{"allow":["GET"]}}],"collection":[{"href":"https:\/\/thebestantique.com\/et\/wp-json\/wp\/v2\/product"}],"about":[{"href":"https:\/\/thebestantique.com\/et\/wp-json\/wp\/v2\/types\/product"}],"replies":[{"embeddable":true,"href":"https:\/\/thebestantique.com\/et\/wp-json\/wp\/v2\/comments?post=14161"}],"wp:featuredmedia":[{"embeddable":true,"href":"https:\/\/thebestantique.com\/et\/wp-json\/wp\/v2\/media\/14163"}],"wp:attachment":[{"href":"https:\/\/thebestantique.com\/et\/wp-json\/wp\/v2\/media?parent=14161"}],"wp:term":[{"taxonomy":"product_brand","embeddable":true,"href":"https:\/\/thebestantique.com\/et\/wp-json\/wp\/v2\/product_brand?post=14161"},{"taxonomy":"product_cat","embeddable":true,"href":"https:\/\/thebestantique.com\/et\/wp-json\/wp\/v2\/product_cat?post=14161"},{"taxonomy":"product_tag","embeddable":true,"href":"https:\/\/thebestantique.com\/et\/wp-json\/wp\/v2\/product_tag?post=14161"}],"curies":[{"name":"wp","href":"https:\/\/api.w.org\/{rel}","templated":true}]}}