{"id":14140,"date":"2022-06-02T10:47:16","date_gmt":"2022-06-02T08:47:16","guid":{"rendered":"https:\/\/thebestantique.com\/?post_type=product&#038;p=14140"},"modified":"2022-07-18T15:06:19","modified_gmt":"2022-07-18T13:06:19","slug":"a-russian-cast-silver-gilt-spices-stands-set-in-the-shape-of-a-stump","status":"publish","type":"product","link":"https:\/\/thebestantique.com\/et\/product\/a-russian-cast-silver-gilt-spices-stands-set-in-the-shape-of-a-stump\/","title":{"rendered":"Vene maitseainetopside komplekt. Nikols ja Plinke."},"content":{"rendered":"<p>Vene maitseainetopside komplekt. H\u00f5be, kullatud, vermingu- ja graveeringuga. Nikols ja Plinke. Peterburg, 1842a.<\/p>\n<blockquote><p>Soolatopsi m\u00f5\u00f5dud: 6,3 x 7,7 x 7,5 cm. \u00dcldkaal: 433,5 g.<\/p><\/blockquote>\n<p><\/p>","protected":false},"excerpt":{"rendered":"<p>Vene maitseainetopside komplekt. H\u00f5be, kullatud, vermingu- ja graveeringuga. Nikols ja Plinke. Peterburg, 1842a.<\/p>\n<blockquote><p>Soolatopsi m\u00f5\u00f5dud: 6,3 x 7,7 x 7,5 cm. \u00dcldkaal: 433,5 g.<\/p><\/blockquote>\n","protected":false},"featured_media":14141,"comment_status":"closed","ping_status":"closed","template":"","meta":{"_exactmetrics_skip_tracking":false,"_exactmetrics_sitenote_active":false,"_exactmetrics_sitenote_note":"","_exactmetrics_sitenote_category":0,"_uf_show_specific_survey":0,"_uf_disable_surveys":false},"product_brand":[],"product_cat":[421],"product_tag":[],"class_list":{"0":"post-14140","1":"product","2":"type-product","3":"status-publish","4":"has-post-thumbnail","6":"product_cat-sold-items","7":"product_shipping_class-average-item-500-1500-g","9":"first","10":"outofstock","11":"shipping-taxable","12":"purchasable","13":"product-type-simple"},"aioseo_notices":[],"_links":{"self":[{"href":"https:\/\/thebestantique.com\/et\/wp-json\/wp\/v2\/product\/14140","targetHints":{"allow":["GET"]}}],"collection":[{"href":"https:\/\/thebestantique.com\/et\/wp-json\/wp\/v2\/product"}],"about":[{"href":"https:\/\/thebestantique.com\/et\/wp-json\/wp\/v2\/types\/product"}],"replies":[{"embeddable":true,"href":"https:\/\/thebestantique.com\/et\/wp-json\/wp\/v2\/comments?post=14140"}],"wp:featuredmedia":[{"embeddable":true,"href":"https:\/\/thebestantique.com\/et\/wp-json\/wp\/v2\/media\/14141"}],"wp:attachment":[{"href":"https:\/\/thebestantique.com\/et\/wp-json\/wp\/v2\/media?parent=14140"}],"wp:term":[{"taxonomy":"product_brand","embeddable":true,"href":"https:\/\/thebestantique.com\/et\/wp-json\/wp\/v2\/product_brand?post=14140"},{"taxonomy":"product_cat","embeddable":true,"href":"https:\/\/thebestantique.com\/et\/wp-json\/wp\/v2\/product_cat?post=14140"},{"taxonomy":"product_tag","embeddable":true,"href":"https:\/\/thebestantique.com\/et\/wp-json\/wp\/v2\/product_tag?post=14140"}],"curies":[{"name":"wp","href":"https:\/\/api.w.org\/{rel}","templated":true}]}}