{"id":14136,"date":"2022-06-02T10:19:08","date_gmt":"2022-06-02T08:19:08","guid":{"rendered":"https:\/\/thebestantique.com\/?post_type=product&#038;p=14136"},"modified":"2022-10-03T12:13:33","modified_gmt":"2022-10-03T10:13:33","slug":"a-russian-silver-gilt-lemon-fork-petersburg","status":"publish","type":"product","link":"https:\/\/thebestantique.com\/et\/product\/a-russian-silver-gilt-lemon-fork-petersburg\/","title":{"rendered":"Vene h\u00f5be sidruni jaoks kahvel"},"content":{"rendered":"<p>Vene h\u00f5be sidruni jaoks kahvel. H\u00f5be, kullatud.Peterburg, 19 sajandi teine pool.<\/p>\n<blockquote><p>Pikkus: 12.5 cm. Kaal: 19 g.<\/p><\/blockquote>\n<p><\/p>","protected":false},"excerpt":{"rendered":"<p>Vene h\u00f5be sidruni jaoks kahvel. H\u00f5be, kullatud.Peterburg, 19 sajandi teine pool.<\/p>\n<blockquote><p>Pikkus: 12.5 cm. Kaal: 19 g.<\/p><\/blockquote>\n","protected":false},"featured_media":14137,"comment_status":"closed","ping_status":"closed","template":"","meta":{"_exactmetrics_skip_tracking":false,"_exactmetrics_sitenote_active":false,"_exactmetrics_sitenote_note":"","_exactmetrics_sitenote_category":0,"_uf_show_specific_survey":0,"_uf_disable_surveys":false},"product_brand":[],"product_cat":[421],"product_tag":[],"class_list":{"0":"post-14136","1":"product","2":"type-product","3":"status-publish","4":"has-post-thumbnail","6":"product_cat-sold-items","7":"product_shipping_class-small-item-0-500-g","9":"first","10":"outofstock","11":"shipping-taxable","12":"product-type-simple"},"aioseo_notices":[],"_links":{"self":[{"href":"https:\/\/thebestantique.com\/et\/wp-json\/wp\/v2\/product\/14136","targetHints":{"allow":["GET"]}}],"collection":[{"href":"https:\/\/thebestantique.com\/et\/wp-json\/wp\/v2\/product"}],"about":[{"href":"https:\/\/thebestantique.com\/et\/wp-json\/wp\/v2\/types\/product"}],"replies":[{"embeddable":true,"href":"https:\/\/thebestantique.com\/et\/wp-json\/wp\/v2\/comments?post=14136"}],"wp:featuredmedia":[{"embeddable":true,"href":"https:\/\/thebestantique.com\/et\/wp-json\/wp\/v2\/media\/14137"}],"wp:attachment":[{"href":"https:\/\/thebestantique.com\/et\/wp-json\/wp\/v2\/media?parent=14136"}],"wp:term":[{"taxonomy":"product_brand","embeddable":true,"href":"https:\/\/thebestantique.com\/et\/wp-json\/wp\/v2\/product_brand?post=14136"},{"taxonomy":"product_cat","embeddable":true,"href":"https:\/\/thebestantique.com\/et\/wp-json\/wp\/v2\/product_cat?post=14136"},{"taxonomy":"product_tag","embeddable":true,"href":"https:\/\/thebestantique.com\/et\/wp-json\/wp\/v2\/product_tag?post=14136"}],"curies":[{"name":"wp","href":"https:\/\/api.w.org\/{rel}","templated":true}]}}