{"id":14131,"date":"2022-06-02T10:13:38","date_gmt":"2022-06-02T08:13:38","guid":{"rendered":"https:\/\/thebestantique.com\/?post_type=product&#038;p=14131"},"modified":"2022-10-03T12:13:52","modified_gmt":"2022-10-03T10:13:52","slug":"a-russian-silver-gilt-and-niello-lemon-fork-makers-mark-of-m-semenova","status":"publish","type":"product","link":"https:\/\/thebestantique.com\/et\/product\/a-russian-silver-gilt-and-niello-lemon-fork-makers-mark-of-m-semenova\/","title":{"rendered":"Vene h\u00f5be sidruni jaoks kahvel. Maria Semjonovi meistrikoda."},"content":{"rendered":"<p>Vene h\u00f5be sidruni jaoks kahvel. H\u00f5be, niello, kullatud. Maria Semjonovi meistrikoda. Moskva, 19 sajandi l\u00f5pp.<\/p>\n<blockquote><p>Kaal: 25,2 g. Pikkus: 13.5 cm.<\/p><\/blockquote>\n<p><\/p>","protected":false},"excerpt":{"rendered":"<p>Vene h\u00f5be sidruni jaoks kahvel. H\u00f5be, niello, kullatud. Maria Semjonovi meistrikoda. Moskva, 19 sajandi l\u00f5pp.<\/p>\n<blockquote><p>Kaal: 25,2 g. Pikkus: 13.5 cm.<\/p><\/blockquote>\n","protected":false},"featured_media":14134,"comment_status":"closed","ping_status":"closed","template":"","meta":{"_exactmetrics_skip_tracking":false,"_exactmetrics_sitenote_active":false,"_exactmetrics_sitenote_note":"","_exactmetrics_sitenote_category":0,"_uf_show_specific_survey":0,"_uf_disable_surveys":false},"product_brand":[],"product_cat":[421],"product_tag":[],"class_list":{"0":"post-14131","1":"product","2":"type-product","3":"status-publish","4":"has-post-thumbnail","6":"product_cat-sold-items","7":"product_shipping_class-small-item-0-500-g","9":"first","10":"outofstock","11":"shipping-taxable","12":"product-type-simple"},"aioseo_notices":[],"_links":{"self":[{"href":"https:\/\/thebestantique.com\/et\/wp-json\/wp\/v2\/product\/14131","targetHints":{"allow":["GET"]}}],"collection":[{"href":"https:\/\/thebestantique.com\/et\/wp-json\/wp\/v2\/product"}],"about":[{"href":"https:\/\/thebestantique.com\/et\/wp-json\/wp\/v2\/types\/product"}],"replies":[{"embeddable":true,"href":"https:\/\/thebestantique.com\/et\/wp-json\/wp\/v2\/comments?post=14131"}],"wp:featuredmedia":[{"embeddable":true,"href":"https:\/\/thebestantique.com\/et\/wp-json\/wp\/v2\/media\/14134"}],"wp:attachment":[{"href":"https:\/\/thebestantique.com\/et\/wp-json\/wp\/v2\/media?parent=14131"}],"wp:term":[{"taxonomy":"product_brand","embeddable":true,"href":"https:\/\/thebestantique.com\/et\/wp-json\/wp\/v2\/product_brand?post=14131"},{"taxonomy":"product_cat","embeddable":true,"href":"https:\/\/thebestantique.com\/et\/wp-json\/wp\/v2\/product_cat?post=14131"},{"taxonomy":"product_tag","embeddable":true,"href":"https:\/\/thebestantique.com\/et\/wp-json\/wp\/v2\/product_tag?post=14131"}],"curies":[{"name":"wp","href":"https:\/\/api.w.org\/{rel}","templated":true}]}}