{"id":14100,"date":"2022-06-02T09:40:43","date_gmt":"2022-06-02T07:40:43","guid":{"rendered":"https:\/\/thebestantique.com\/?post_type=product&#038;p=14100"},"modified":"2022-06-02T09:40:43","modified_gmt":"2022-06-02T07:40:43","slug":"english-silver-castor-cruet-set","status":"publish","type":"product","link":"https:\/\/thebestantique.com\/et\/product\/english-silver-castor-cruet-set\/","title":{"rendered":"Inglise h\u00f5bedane castor Cruet komplekt"},"content":{"rendered":"<p>Inglise h\u00f5bedane castor Cruet komplekt, \u00fcks pudel puudub korgist ja kaks karedusega huulel, ingliskeelsete h\u00f5bem\u00e4rkidega (raju l\u00f5vi), Victoria peaga ja valmistaja esialgse &#8220;HW &amp; Co.&#8221;<\/p>\n<blockquote><p>K\u00f5rgus: 26,5 cm.<\/p><\/blockquote>\n<p><\/p>","protected":false},"excerpt":{"rendered":"<p>Inglise h\u00f5bedane castor Cruet komplekt, \u00fcks pudel puudub korgist ja kaks karedusega huulel, ingliskeelsete h\u00f5bem\u00e4rkidega (raju l\u00f5vi), Victoria peaga ja valmistaja esialgse &#8220;HW &amp; Co.&#8221;<\/p>\n<blockquote><p>K\u00f5rgus: 26,5 cm.<\/p><\/blockquote>\n","protected":false},"featured_media":14101,"comment_status":"closed","ping_status":"closed","template":"","meta":{"_exactmetrics_skip_tracking":false,"_exactmetrics_sitenote_active":false,"_exactmetrics_sitenote_note":"","_exactmetrics_sitenote_category":0,"_uf_show_specific_survey":0,"_uf_disable_surveys":false},"product_brand":[],"product_cat":[221,222,6],"product_tag":[],"class_list":{"0":"post-14100","1":"product","2":"type-product","3":"status-publish","4":"has-post-thumbnail","6":"product_cat-flatware-and-serving-pieces","7":"product_cat-more-silver","8":"product_cat-silver","9":"product_shipping_class-average-item-500-1500-g","11":"first","12":"instock","13":"shipping-taxable","14":"purchasable","15":"product-type-simple"},"aioseo_notices":[],"_links":{"self":[{"href":"https:\/\/thebestantique.com\/et\/wp-json\/wp\/v2\/product\/14100","targetHints":{"allow":["GET"]}}],"collection":[{"href":"https:\/\/thebestantique.com\/et\/wp-json\/wp\/v2\/product"}],"about":[{"href":"https:\/\/thebestantique.com\/et\/wp-json\/wp\/v2\/types\/product"}],"replies":[{"embeddable":true,"href":"https:\/\/thebestantique.com\/et\/wp-json\/wp\/v2\/comments?post=14100"}],"wp:featuredmedia":[{"embeddable":true,"href":"https:\/\/thebestantique.com\/et\/wp-json\/wp\/v2\/media\/14101"}],"wp:attachment":[{"href":"https:\/\/thebestantique.com\/et\/wp-json\/wp\/v2\/media?parent=14100"}],"wp:term":[{"taxonomy":"product_brand","embeddable":true,"href":"https:\/\/thebestantique.com\/et\/wp-json\/wp\/v2\/product_brand?post=14100"},{"taxonomy":"product_cat","embeddable":true,"href":"https:\/\/thebestantique.com\/et\/wp-json\/wp\/v2\/product_cat?post=14100"},{"taxonomy":"product_tag","embeddable":true,"href":"https:\/\/thebestantique.com\/et\/wp-json\/wp\/v2\/product_tag?post=14100"}],"curies":[{"name":"wp","href":"https:\/\/api.w.org\/{rel}","templated":true}]}}