{"id":14074,"date":"2022-06-01T15:00:07","date_gmt":"2022-06-01T13:00:07","guid":{"rendered":"https:\/\/thebestantique.com\/?post_type=product&#038;p=14074"},"modified":"2022-06-01T15:03:38","modified_gmt":"2022-06-01T13:03:38","slug":"a-russian-wood-composition-cossack-on-a-horse-author-a-hanikov-danzig-now-gdansk","status":"publish","type":"product","link":"https:\/\/thebestantique.com\/et\/product\/a-russian-wood-composition-cossack-on-a-horse-author-a-hanikov-danzig-now-gdansk\/","title":{"rendered":"Vene puidust kuju &#8221; Kasakas hobuse peal&#8221;. Skulptor A. Han\u014dkov. Gdansk, Poola"},"content":{"rendered":"<p>Vene puidust kuju &#8221; Kasakas hobuse peal&#8221;. Skulptor A. Han\u014dkov. Gdansk, Poola. Poola kui Venemaa impeeriumi osa. 19 sajandi l\u00f5pp.<\/p>\n<blockquote><p>M\u00f5\u00f5dud: 21,5 \u0445 16 \u0445 7 cm.<\/p><\/blockquote>\n<p><\/p>","protected":false},"excerpt":{"rendered":"<p>Vene puidust kuju &#8221; Kasakas hobuse peal&#8221;. Skulptor A. Han\u014dkov. Gdansk, Poola. Poola kui Venemaa impeeriumi osa. 19 sajandi l\u00f5pp.<\/p>\n<blockquote><p>M\u00f5\u00f5dud: 21,5 \u0445 16 \u0445 7 cm.<\/p><\/blockquote>\n","protected":false},"featured_media":14075,"comment_status":"closed","ping_status":"closed","template":"","meta":{"_exactmetrics_skip_tracking":false,"_exactmetrics_sitenote_active":false,"_exactmetrics_sitenote_note":"","_exactmetrics_sitenote_category":0,"_uf_show_specific_survey":0,"_uf_disable_surveys":false},"product_brand":[],"product_cat":[12,291],"product_tag":[],"class_list":{"0":"post-14074","1":"product","2":"type-product","3":"status-publish","4":"has-post-thumbnail","6":"product_cat-bronze","7":"product_cat-other","8":"product_shipping_class-small-item-0-500-g","10":"first","11":"instock","12":"shipping-taxable","13":"purchasable","14":"product-type-simple"},"aioseo_notices":[],"_links":{"self":[{"href":"https:\/\/thebestantique.com\/et\/wp-json\/wp\/v2\/product\/14074","targetHints":{"allow":["GET"]}}],"collection":[{"href":"https:\/\/thebestantique.com\/et\/wp-json\/wp\/v2\/product"}],"about":[{"href":"https:\/\/thebestantique.com\/et\/wp-json\/wp\/v2\/types\/product"}],"replies":[{"embeddable":true,"href":"https:\/\/thebestantique.com\/et\/wp-json\/wp\/v2\/comments?post=14074"}],"wp:featuredmedia":[{"embeddable":true,"href":"https:\/\/thebestantique.com\/et\/wp-json\/wp\/v2\/media\/14075"}],"wp:attachment":[{"href":"https:\/\/thebestantique.com\/et\/wp-json\/wp\/v2\/media?parent=14074"}],"wp:term":[{"taxonomy":"product_brand","embeddable":true,"href":"https:\/\/thebestantique.com\/et\/wp-json\/wp\/v2\/product_brand?post=14074"},{"taxonomy":"product_cat","embeddable":true,"href":"https:\/\/thebestantique.com\/et\/wp-json\/wp\/v2\/product_cat?post=14074"},{"taxonomy":"product_tag","embeddable":true,"href":"https:\/\/thebestantique.com\/et\/wp-json\/wp\/v2\/product_tag?post=14074"}],"curies":[{"name":"wp","href":"https:\/\/api.w.org\/{rel}","templated":true}]}}