{"id":13857,"date":"2022-04-11T11:38:34","date_gmt":"2022-04-11T09:38:34","guid":{"rendered":"https:\/\/thebestantique.com\/?post_type=product&#038;p=13857"},"modified":"2024-04-24T13:58:06","modified_gmt":"2024-04-24T11:58:06","slug":"an-imperial-russian-samovar-by-vassiliy-batashov-in-tula","status":"publish","type":"product","link":"https:\/\/thebestantique.com\/et\/product\/an-imperial-russian-samovar-by-vassiliy-batashov-in-tula\/","title":{"rendered":"Vassili Bata\u0161ovi Vene keiserlik samovar Tulas"},"content":{"rendered":"<p>Vassili Bata\u0161ovi Vene keiserlik samovar Tulas.<\/p>\n<p>Samovar, millel on palju v\u00f5istlusmedaleid ja kaasas kandik. Tundub, et on kasutatud ja m\u00f5ned osad on puudu. Aga teplidega ja medalitega on see peaaegu k\u00f5ikjal. Selle kohta lisateabe saamiseks vaadake lisapilte.<\/p>\n<blockquote><p>K\u00f5rgus: 48 cm.<\/p><\/blockquote>\n<p><\/p>","protected":false},"excerpt":{"rendered":"<p>Vassili Bata\u0161ovi Vene keiserlik samovar Tulas.<\/p>\n<p>Samovar, millel on palju v\u00f5istlusmedaleid ja kaasas kandik.<\/p>\n","protected":false},"featured_media":13862,"comment_status":"closed","ping_status":"closed","template":"","meta":{"_exactmetrics_skip_tracking":false,"_exactmetrics_sitenote_active":false,"_exactmetrics_sitenote_note":"","_exactmetrics_sitenote_category":0,"_uf_show_specific_survey":0,"_uf_disable_surveys":false},"product_brand":[],"product_cat":[421],"product_tag":[],"class_list":{"0":"post-13857","1":"product","2":"type-product","3":"status-publish","4":"has-post-thumbnail","6":"product_cat-sold-items","7":"product_shipping_class-big-item-1500-3000-g","9":"first","10":"outofstock","11":"shipping-taxable","12":"product-type-simple"},"aioseo_notices":[],"_links":{"self":[{"href":"https:\/\/thebestantique.com\/et\/wp-json\/wp\/v2\/product\/13857","targetHints":{"allow":["GET"]}}],"collection":[{"href":"https:\/\/thebestantique.com\/et\/wp-json\/wp\/v2\/product"}],"about":[{"href":"https:\/\/thebestantique.com\/et\/wp-json\/wp\/v2\/types\/product"}],"replies":[{"embeddable":true,"href":"https:\/\/thebestantique.com\/et\/wp-json\/wp\/v2\/comments?post=13857"}],"wp:featuredmedia":[{"embeddable":true,"href":"https:\/\/thebestantique.com\/et\/wp-json\/wp\/v2\/media\/13862"}],"wp:attachment":[{"href":"https:\/\/thebestantique.com\/et\/wp-json\/wp\/v2\/media?parent=13857"}],"wp:term":[{"taxonomy":"product_brand","embeddable":true,"href":"https:\/\/thebestantique.com\/et\/wp-json\/wp\/v2\/product_brand?post=13857"},{"taxonomy":"product_cat","embeddable":true,"href":"https:\/\/thebestantique.com\/et\/wp-json\/wp\/v2\/product_cat?post=13857"},{"taxonomy":"product_tag","embeddable":true,"href":"https:\/\/thebestantique.com\/et\/wp-json\/wp\/v2\/product_tag?post=13857"}],"curies":[{"name":"wp","href":"https:\/\/api.w.org\/{rel}","templated":true}]}}