{"id":13832,"date":"2022-04-08T14:33:13","date_gmt":"2022-04-08T12:33:13","guid":{"rendered":"https:\/\/thebestantique.com\/?post_type=product&#038;p=13832"},"modified":"2025-06-24T17:23:40","modified_gmt":"2025-06-24T15:23:40","slug":"order-of-the-three-stars-gold-medal-in-silver-gilt","status":"publish","type":"product","link":"https:\/\/thebestantique.com\/et\/product\/order-of-the-three-stars-gold-medal-in-silver-gilt\/","title":{"rendered":"Kolme T\u00e4he orden, kuldmedal (h\u00f5bedast, kullatud)"},"content":{"rendered":"<p>See orden on k\u00f5rgeim riiklik teenetem\u00e4rk, mida antakse tsiviilteenete tunnustamiseks. Selle asutas L\u00e4ti parlament autasuna silmapaistvate kodanikuteenete eest ja t\u00e4histamaks L\u00e4ti asutamist.<br \/>\nOrden omistati k\u00f5igile L\u00e4ti s\u00f5jav\u00e4elastele, kes olid vabatahtlikult astunud L\u00e4ti relvaj\u00f5ududesse ja osalenud lahingutes.<br \/>\nKuigi see ordu suruti 1940. aastal L\u00e4ti okupeerimisega N\u00f5ukogude Liidu poolt maha, taastati see 1994. aastal p\u00e4rast L\u00e4ti taasiseseisvumist.<br \/>\nJ\u00e4tkuvalt antakse teenetem\u00e4rki L\u00e4tile l\u00e4tlastele ja v\u00e4lismaalastele.<\/p>\n<blockquote><p>M\u00f5\u00f5dud: 3,1 x 3,3 cm.<\/p><\/blockquote>\n<p><\/p>","protected":false},"excerpt":{"rendered":"<p>Kolme T\u00e4he orden, kuldmedal (h\u00f5bedase kullaga).<\/p>\n<p>See orden on k\u00f5rgeim riiklik teenetem\u00e4rk, mida antakse tsiviilteenete tunnustamiseks. Selle asutas L\u00e4ti parlament autasuna silmapaistvate kodanikuteenete eest ja t\u00e4histamaks L\u00e4ti asutamist.<\/p>\n","protected":false},"featured_media":13838,"comment_status":"closed","ping_status":"closed","template":"","meta":{"_exactmetrics_skip_tracking":false,"_exactmetrics_sitenote_active":false,"_exactmetrics_sitenote_note":"","_exactmetrics_sitenote_category":0,"_uf_show_specific_survey":0,"_uf_disable_surveys":false},"product_brand":[],"product_cat":[421],"product_tag":[],"class_list":{"0":"post-13832","1":"product","2":"type-product","3":"status-publish","4":"has-post-thumbnail","6":"product_cat-sold-items","8":"first","9":"outofstock","10":"shipping-taxable","11":"purchasable","12":"product-type-simple"},"aioseo_notices":[],"_links":{"self":[{"href":"https:\/\/thebestantique.com\/et\/wp-json\/wp\/v2\/product\/13832","targetHints":{"allow":["GET"]}}],"collection":[{"href":"https:\/\/thebestantique.com\/et\/wp-json\/wp\/v2\/product"}],"about":[{"href":"https:\/\/thebestantique.com\/et\/wp-json\/wp\/v2\/types\/product"}],"replies":[{"embeddable":true,"href":"https:\/\/thebestantique.com\/et\/wp-json\/wp\/v2\/comments?post=13832"}],"wp:featuredmedia":[{"embeddable":true,"href":"https:\/\/thebestantique.com\/et\/wp-json\/wp\/v2\/media\/13838"}],"wp:attachment":[{"href":"https:\/\/thebestantique.com\/et\/wp-json\/wp\/v2\/media?parent=13832"}],"wp:term":[{"taxonomy":"product_brand","embeddable":true,"href":"https:\/\/thebestantique.com\/et\/wp-json\/wp\/v2\/product_brand?post=13832"},{"taxonomy":"product_cat","embeddable":true,"href":"https:\/\/thebestantique.com\/et\/wp-json\/wp\/v2\/product_cat?post=13832"},{"taxonomy":"product_tag","embeddable":true,"href":"https:\/\/thebestantique.com\/et\/wp-json\/wp\/v2\/product_tag?post=13832"}],"curies":[{"name":"wp","href":"https:\/\/api.w.org\/{rel}","templated":true}]}}