{"id":13825,"date":"2022-04-08T14:20:31","date_gmt":"2022-04-08T12:20:31","guid":{"rendered":"https:\/\/thebestantique.com\/?post_type=product&#038;p=13825"},"modified":"2024-03-08T16:33:38","modified_gmt":"2024-03-08T14:33:38","slug":"latvian-order-of-the-three-stars-v-class-knight","status":"publish","type":"product","link":"https:\/\/thebestantique.com\/et\/product\/latvian-order-of-the-three-stars-v-class-knight\/","title":{"rendered":"L\u00e4ti Kolme T\u00e4he orden, V klassi kavaler"},"content":{"rendered":"<p>Triju Zvaig\u017e\u0146u ordenis. Asutatud 1924. aastal. H\u00f5bedane kullatud siniste ja valgete emailidega, esik\u00fclje keskosale kinnitatud kolm kuldset t\u00e4hte, t\u00e4histatud L\u00e4ti h\u00f5beda puhtuse m\u00e4rgiga &#8220;.875&#8221; (h\u00f5bedane) k\u00f5rval, valmistaja m\u00e4rgis &#8220;F.M.&#8221; ja m\u00e4rgistatud integreeritud vedrustuse esik\u00fcljele, m\u00f5\u00f5tmetega 3,8 cm. x 5,8 cm. h) kaasa arvatud p\u00e4rja riputus, terved emailid, laiali kullatud kulumine, originaalne pael haakn\u00f5elaga, v\u00e4ga peen.<\/p>\n<p>Joonealune m\u00e4rkus: Kolme T\u00e4he orden on L\u00e4ti teenete eest antav orden. See asutati 1924. aastal L\u00e4ti asutamise m\u00e4lestuseks. Selle moto on &#8220;Per aspera ad astra&#8221;, t\u00f5lkes &#8220;L\u00e4bi raskuste t\u00e4htedeni&#8221;. Ordenil on viis auastet (komand\u00f6ri suurrist ketiga (1. j\u00e4rg ketiga), komand\u00f6ri suurrist (1. klass); suurohvitser (2. klass); komand\u00f6r (3. klass); ohvitser (4. klass); ja r\u00fc\u00fctel (5. klass). ), koos kolme klassi medaliga (1. klassi aumedal; 2. klassi aumedal; ja 3. klassi aumedal.<\/p>","protected":false},"excerpt":{"rendered":"<p>Triju Zvaig\u017e\u0146u ordenis. Asutatud 1924. aastal. H\u00f5bedane kullatud siniste ja valgete emailidega, esik\u00fclje keskosale kinnitatud kolm kuldset t\u00e4hte, t\u00e4histatud L\u00e4ti h\u00f5beda puhtuse m\u00e4rgiga &#8220;.875&#8221; (h\u00f5bedane) k\u00f5rval, valmistaja m\u00e4rgis &#8220;F.M.&#8221; ja m\u00e4rgistatud integreeritud vedrustuse esik\u00fcljele, m\u00f5\u00f5tmetega 3,8 cm. x 5,8 cm. h) kaasa arvatud p\u00e4rja riputus, terved emailid, laiali kullatud kulumine, originaalne pael haakn\u00f5elaga, v\u00e4ga peen.<\/p>\n","protected":false},"featured_media":13842,"comment_status":"closed","ping_status":"closed","template":"","meta":{"_exactmetrics_skip_tracking":false,"_exactmetrics_sitenote_active":false,"_exactmetrics_sitenote_note":"","_exactmetrics_sitenote_category":0,"_uf_show_specific_survey":0,"_uf_disable_surveys":false},"product_brand":[],"product_cat":[421],"product_tag":[],"class_list":{"0":"post-13825","1":"product","2":"type-product","3":"status-publish","4":"has-post-thumbnail","6":"product_cat-sold-items","7":"product_shipping_class-free-registered-shipping","9":"first","10":"outofstock","11":"shipping-taxable","12":"product-type-simple"},"aioseo_notices":[],"_links":{"self":[{"href":"https:\/\/thebestantique.com\/et\/wp-json\/wp\/v2\/product\/13825","targetHints":{"allow":["GET"]}}],"collection":[{"href":"https:\/\/thebestantique.com\/et\/wp-json\/wp\/v2\/product"}],"about":[{"href":"https:\/\/thebestantique.com\/et\/wp-json\/wp\/v2\/types\/product"}],"replies":[{"embeddable":true,"href":"https:\/\/thebestantique.com\/et\/wp-json\/wp\/v2\/comments?post=13825"}],"wp:featuredmedia":[{"embeddable":true,"href":"https:\/\/thebestantique.com\/et\/wp-json\/wp\/v2\/media\/13842"}],"wp:attachment":[{"href":"https:\/\/thebestantique.com\/et\/wp-json\/wp\/v2\/media?parent=13825"}],"wp:term":[{"taxonomy":"product_brand","embeddable":true,"href":"https:\/\/thebestantique.com\/et\/wp-json\/wp\/v2\/product_brand?post=13825"},{"taxonomy":"product_cat","embeddable":true,"href":"https:\/\/thebestantique.com\/et\/wp-json\/wp\/v2\/product_cat?post=13825"},{"taxonomy":"product_tag","embeddable":true,"href":"https:\/\/thebestantique.com\/et\/wp-json\/wp\/v2\/product_tag?post=13825"}],"curies":[{"name":"wp","href":"https:\/\/api.w.org\/{rel}","templated":true}]}}