{"id":13747,"date":"2021-11-19T11:53:48","date_gmt":"2021-11-19T09:53:48","guid":{"rendered":"https:\/\/thebestantique.com\/?post_type=product&#038;p=13747"},"modified":"2024-08-12T10:29:58","modified_gmt":"2024-08-12T08:29:58","slug":"antique-masonic-knights-templar-ceremonial-sword-8","status":"publish","type":"product","link":"https:\/\/thebestantique.com\/et\/product\/antique-masonic-knights-templar-ceremonial-sword-8\/","title":{"rendered":"Antiikne vabam\u00fc\u00fcrlaste templir\u00fc\u00fctlite tseremoniaalne m\u00f5\u00f5k"},"content":{"rendered":"<p>Antiikne vabam\u00fc\u00fcrlaste templir\u00fc\u00fctlite tseremoniaalne m\u00f5\u00f5k. Kena graveeritud tera ja omaniku initsiaalidega.<\/p>\n<p>Tootja The Lilley Co, Columbus, Ohio<\/p>\n<blockquote><p>M\u00f5\u00f5dud:<\/p>\n<p>Kogupikkus: 103 cm.<\/p>\n<p>Tera pikkus: 81 cm.<\/p>\n<p>Tera laius: 2,4 cm.<\/p><\/blockquote>\n<p><\/p>","protected":false},"excerpt":{"rendered":"<p>Antiikne vabam\u00fc\u00fcrlaste templir\u00fc\u00fctlite tseremoniaalne m\u00f5\u00f5k. Kena graveeritud tera ja omaniku initsiaalidega.<\/p>\n<p>Tootja The Lilley Co, Columbus, Ohio<\/p>\n<blockquote><p>M\u00f5\u00f5dud:<\/p>\n<p>Kogupikkus: 103 cm.<\/p>\n<p>Tera pikkus: 81 cm.<\/p>\n<p>Tera laius: 2,4 cm.<\/p><\/blockquote>\n","protected":false},"featured_media":13771,"comment_status":"closed","ping_status":"closed","template":"","meta":{"_exactmetrics_skip_tracking":false,"_exactmetrics_sitenote_active":false,"_exactmetrics_sitenote_note":"","_exactmetrics_sitenote_category":0,"_uf_show_specific_survey":0,"_uf_disable_surveys":false},"product_brand":[],"product_cat":[421],"product_tag":[],"class_list":{"0":"post-13747","1":"product","2":"type-product","3":"status-publish","4":"has-post-thumbnail","6":"product_cat-sold-items","7":"product_shipping_class-average-item-500-1500-g","9":"first","10":"outofstock","11":"shipping-taxable","12":"product-type-simple"},"aioseo_notices":[],"_links":{"self":[{"href":"https:\/\/thebestantique.com\/et\/wp-json\/wp\/v2\/product\/13747","targetHints":{"allow":["GET"]}}],"collection":[{"href":"https:\/\/thebestantique.com\/et\/wp-json\/wp\/v2\/product"}],"about":[{"href":"https:\/\/thebestantique.com\/et\/wp-json\/wp\/v2\/types\/product"}],"replies":[{"embeddable":true,"href":"https:\/\/thebestantique.com\/et\/wp-json\/wp\/v2\/comments?post=13747"}],"wp:featuredmedia":[{"embeddable":true,"href":"https:\/\/thebestantique.com\/et\/wp-json\/wp\/v2\/media\/13771"}],"wp:attachment":[{"href":"https:\/\/thebestantique.com\/et\/wp-json\/wp\/v2\/media?parent=13747"}],"wp:term":[{"taxonomy":"product_brand","embeddable":true,"href":"https:\/\/thebestantique.com\/et\/wp-json\/wp\/v2\/product_brand?post=13747"},{"taxonomy":"product_cat","embeddable":true,"href":"https:\/\/thebestantique.com\/et\/wp-json\/wp\/v2\/product_cat?post=13747"},{"taxonomy":"product_tag","embeddable":true,"href":"https:\/\/thebestantique.com\/et\/wp-json\/wp\/v2\/product_tag?post=13747"}],"curies":[{"name":"wp","href":"https:\/\/api.w.org\/{rel}","templated":true}]}}