{"id":13746,"date":"2021-11-19T11:30:24","date_gmt":"2021-11-19T09:30:24","guid":{"rendered":"https:\/\/thebestantique.com\/?post_type=product&#038;p=13746"},"modified":"2025-08-27T12:44:05","modified_gmt":"2025-08-27T10:44:05","slug":"antique-masonic-knights-templar-ceremonial-sword-7","status":"publish","type":"product","link":"https:\/\/thebestantique.com\/et\/product\/antique-masonic-knights-templar-ceremonial-sword-7\/","title":{"rendered":"Antiikne vabam\u00fc\u00fcrlaste templir\u00fc\u00fctlite tseremoniaalne m\u00f5\u00f5k"},"content":{"rendered":"<p>Antiikne vabam\u00fc\u00fcrlaste templir\u00fc\u00fctlite tseremoniaalne m\u00f5\u00f5k. Kena graveeritud tera ja omaniku initsiaalidega.<\/p>\n<p>Tootja Clauberg Solingen.<\/p>\n<p>Henderson Giddings Kalamazoo Mich, Schuyler Hartley&amp;Graham, New York.<\/p>\n<blockquote><p>M\u00f5\u00f5dud:<\/p>\n<p>Kogupikkus: 96,5 cm.<\/p>\n<p>Tera pikkus: 75,5 cm.<\/p>\n<p>Tera laius: 2,2 cm.<\/p><\/blockquote>\n<p><\/p>","protected":false},"excerpt":{"rendered":"<p>Antiikne vabam\u00fc\u00fcrlaste templir\u00fc\u00fctlite tseremoniaalne m\u00f5\u00f5k. Kena graveeritud tera ja omaniku initsiaalidega.<\/p>\n<p>Tootja Clauberg Solingen.<\/p>\n<p>Henderson Giddings Kalamazoo Mich, Schuyler Hartley&amp;Graham, New York.<\/p>\n<blockquote><p>M\u00f5\u00f5dud:<\/p>\n<p>Kogupikkus: 96,5 cm.<\/p>\n<p>Tera pikkus: 75,5 cm.<\/p>\n<p>Tera laius: 2,2 cm.<\/p><\/blockquote>\n","protected":false},"featured_media":13763,"comment_status":"closed","ping_status":"closed","template":"","meta":{"_exactmetrics_skip_tracking":false,"_exactmetrics_sitenote_active":false,"_exactmetrics_sitenote_note":"","_exactmetrics_sitenote_category":0,"_uf_show_specific_survey":0,"_uf_disable_surveys":false},"product_brand":[],"product_cat":[421],"product_tag":[],"class_list":{"0":"post-13746","1":"product","2":"type-product","3":"status-publish","4":"has-post-thumbnail","6":"product_cat-sold-items","7":"product_shipping_class-average-item-500-1500-g","9":"first","10":"outofstock","11":"sold-individually","12":"shipping-taxable","13":"purchasable","14":"product-type-simple"},"aioseo_notices":[],"_links":{"self":[{"href":"https:\/\/thebestantique.com\/et\/wp-json\/wp\/v2\/product\/13746","targetHints":{"allow":["GET"]}}],"collection":[{"href":"https:\/\/thebestantique.com\/et\/wp-json\/wp\/v2\/product"}],"about":[{"href":"https:\/\/thebestantique.com\/et\/wp-json\/wp\/v2\/types\/product"}],"replies":[{"embeddable":true,"href":"https:\/\/thebestantique.com\/et\/wp-json\/wp\/v2\/comments?post=13746"}],"wp:featuredmedia":[{"embeddable":true,"href":"https:\/\/thebestantique.com\/et\/wp-json\/wp\/v2\/media\/13763"}],"wp:attachment":[{"href":"https:\/\/thebestantique.com\/et\/wp-json\/wp\/v2\/media?parent=13746"}],"wp:term":[{"taxonomy":"product_brand","embeddable":true,"href":"https:\/\/thebestantique.com\/et\/wp-json\/wp\/v2\/product_brand?post=13746"},{"taxonomy":"product_cat","embeddable":true,"href":"https:\/\/thebestantique.com\/et\/wp-json\/wp\/v2\/product_cat?post=13746"},{"taxonomy":"product_tag","embeddable":true,"href":"https:\/\/thebestantique.com\/et\/wp-json\/wp\/v2\/product_tag?post=13746"}],"curies":[{"name":"wp","href":"https:\/\/api.w.org\/{rel}","templated":true}]}}