{"id":13745,"date":"2021-11-19T11:14:46","date_gmt":"2021-11-19T09:14:46","guid":{"rendered":"https:\/\/thebestantique.com\/?post_type=product&#038;p=13745"},"modified":"2023-07-24T11:14:00","modified_gmt":"2023-07-24T09:14:00","slug":"buy-m-1873-prussian-german-artillery-sword-with-engraved-blade-at-thebestantique-com","status":"publish","type":"product","link":"https:\/\/thebestantique.com\/et\/product\/buy-m-1873-prussian-german-artillery-sword-with-engraved-blade-at-thebestantique-com\/","title":{"rendered":"Preisi-Saksa suurt\u00fckim\u00f5\u00f5k M-1873 graveeritud teraga"},"content":{"rendered":"<p>Preisi-Saksa suurt\u00fckim\u00f5\u00f5k M-1873 graveeritud teraga.<\/p>\n<blockquote><p>Kogupikkus: 93,5 cm.<\/p>\n<p>Tera pikkus: 77,5 cm.<\/p>\n<p>Tera laius: 3 cm.<\/p><\/blockquote>\n<p><\/p>","protected":false},"excerpt":{"rendered":"<p>Preisi-Saksa suurt\u00fckim\u00f5\u00f5k M-1873 graveeritud teraga.<\/p>\n<blockquote><p>Kogupikkus: 93,5 cm.<\/p>\n<p>Tera pikkus: 77,5 cm.<\/p>\n<p>Tera laius: 3 cm.<\/p><\/blockquote>\n","protected":false},"featured_media":13751,"comment_status":"closed","ping_status":"closed","template":"","meta":{"_exactmetrics_skip_tracking":false,"_exactmetrics_sitenote_active":false,"_exactmetrics_sitenote_note":"","_exactmetrics_sitenote_category":0,"_uf_show_specific_survey":0,"_uf_disable_surveys":false},"product_brand":[],"product_cat":[421],"product_tag":[],"class_list":{"0":"post-13745","1":"product","2":"type-product","3":"status-publish","4":"has-post-thumbnail","6":"product_cat-sold-items","7":"product_shipping_class-average-item-500-1500-g","9":"first","10":"outofstock","11":"sold-individually","12":"shipping-taxable","13":"purchasable","14":"product-type-simple"},"aioseo_notices":[],"_links":{"self":[{"href":"https:\/\/thebestantique.com\/et\/wp-json\/wp\/v2\/product\/13745","targetHints":{"allow":["GET"]}}],"collection":[{"href":"https:\/\/thebestantique.com\/et\/wp-json\/wp\/v2\/product"}],"about":[{"href":"https:\/\/thebestantique.com\/et\/wp-json\/wp\/v2\/types\/product"}],"replies":[{"embeddable":true,"href":"https:\/\/thebestantique.com\/et\/wp-json\/wp\/v2\/comments?post=13745"}],"wp:featuredmedia":[{"embeddable":true,"href":"https:\/\/thebestantique.com\/et\/wp-json\/wp\/v2\/media\/13751"}],"wp:attachment":[{"href":"https:\/\/thebestantique.com\/et\/wp-json\/wp\/v2\/media?parent=13745"}],"wp:term":[{"taxonomy":"product_brand","embeddable":true,"href":"https:\/\/thebestantique.com\/et\/wp-json\/wp\/v2\/product_brand?post=13745"},{"taxonomy":"product_cat","embeddable":true,"href":"https:\/\/thebestantique.com\/et\/wp-json\/wp\/v2\/product_cat?post=13745"},{"taxonomy":"product_tag","embeddable":true,"href":"https:\/\/thebestantique.com\/et\/wp-json\/wp\/v2\/product_tag?post=13745"}],"curies":[{"name":"wp","href":"https:\/\/api.w.org\/{rel}","templated":true}]}}