{"id":13730,"date":"2021-10-01T14:07:23","date_gmt":"2021-10-01T12:07:23","guid":{"rendered":"https:\/\/thebestantique.com\/?post_type=product&#038;p=13730"},"modified":"2024-03-19T11:37:07","modified_gmt":"2024-03-19T09:37:07","slug":"bronze-sculpture-of-leveque-count-of-hertfordt","status":"publish","type":"product","link":"https:\/\/thebestantique.com\/et\/product\/bronze-sculpture-of-leveque-count-of-hertfordt\/","title":{"rendered":"&#8220;L\u00e9v\u00eaque&#8217; I pronksskulptuur &#8220;Hertfordti krahv&#8221;"},"content":{"rendered":"<p>&#8221;L\u00e9v\u00eaque&#8217; I pronksskulptuur &#8220;Hertfordti krahv&#8221;<br \/>\nEdmond L\u00e9v\u00eaque prantsuse skulptor (Abbeville 1814-Pariis 1875) \u00f5ppis Pariisis Ecole des beaux-arts &#8217;is David D&#8217; Angersi ja Fran\u00e7ois Rude &#8216; I t\u00f6\u00f6kodades, eksponeeris salongis skulptuure ja maale 1833-1874. Tema t\u00f6\u00f6 koosneb m\u00fctoloogilistest teemadest, romaanide kangelastest, ajaloolistest tegelastest. T\u00f6\u00f6tas Besan\u00e7oni muuseumis ja Pariisis Tuileries Gardenis. Allkirjastatud terrassil.<\/p>\n<blockquote><p>M\u00f5\u00f5dud: 67 x 34 x 25 cm.<\/p><\/blockquote>\n<p><\/p>","protected":false},"excerpt":{"rendered":"<p>&#8220;L\u00e9v\u00eaque&#8217; I pronksskulptuur &#8220;Hertfordti krahv&#8221;<br \/>\nEdmond L\u00e9v\u00eaque prantsuse skulptor (Abbeville 1814-Pariis 1875) \u00f5ppis Pariisis Ecole des beaux-arts &#8217;is David D&#8217; Angersi ja Fran\u00e7ois Rude &#8216; I t\u00f6\u00f6kodades, eksponeeris salongis skulptuure ja maale 1833-1874. Tema t\u00f6\u00f6 koosneb m\u00fctoloogilistest teemadest, romaanide kangelastest, ajaloolistest tegelastest. T\u00f6\u00f6tas Besan\u00e7oni muuseumis ja Pariisis Tuileries Gardenis. Allkirjastatud terrassil.<\/p>\n<blockquote><p>M\u00f5\u00f5dud: 67 x 34 x 25 cm.<\/p><\/blockquote>\n","protected":false},"featured_media":13720,"comment_status":"closed","ping_status":"closed","template":"","meta":{"_exactmetrics_skip_tracking":false,"_exactmetrics_sitenote_active":false,"_exactmetrics_sitenote_note":"","_exactmetrics_sitenote_category":0,"_uf_show_specific_survey":0,"_uf_disable_surveys":false},"product_brand":[],"product_cat":[421],"product_tag":[],"class_list":{"0":"post-13730","1":"product","2":"type-product","3":"status-publish","4":"has-post-thumbnail","6":"product_cat-sold-items","7":"product_shipping_class-huge-3000-10000gr","9":"first","10":"outofstock","11":"shipping-taxable","12":"product-type-simple"},"aioseo_notices":[],"_links":{"self":[{"href":"https:\/\/thebestantique.com\/et\/wp-json\/wp\/v2\/product\/13730","targetHints":{"allow":["GET"]}}],"collection":[{"href":"https:\/\/thebestantique.com\/et\/wp-json\/wp\/v2\/product"}],"about":[{"href":"https:\/\/thebestantique.com\/et\/wp-json\/wp\/v2\/types\/product"}],"replies":[{"embeddable":true,"href":"https:\/\/thebestantique.com\/et\/wp-json\/wp\/v2\/comments?post=13730"}],"wp:featuredmedia":[{"embeddable":true,"href":"https:\/\/thebestantique.com\/et\/wp-json\/wp\/v2\/media\/13720"}],"wp:attachment":[{"href":"https:\/\/thebestantique.com\/et\/wp-json\/wp\/v2\/media?parent=13730"}],"wp:term":[{"taxonomy":"product_brand","embeddable":true,"href":"https:\/\/thebestantique.com\/et\/wp-json\/wp\/v2\/product_brand?post=13730"},{"taxonomy":"product_cat","embeddable":true,"href":"https:\/\/thebestantique.com\/et\/wp-json\/wp\/v2\/product_cat?post=13730"},{"taxonomy":"product_tag","embeddable":true,"href":"https:\/\/thebestantique.com\/et\/wp-json\/wp\/v2\/product_tag?post=13730"}],"curies":[{"name":"wp","href":"https:\/\/api.w.org\/{rel}","templated":true}]}}