{"id":13719,"date":"2021-09-30T18:05:38","date_gmt":"2021-09-30T16:05:38","guid":{"rendered":"https:\/\/thebestantique.com\/?post_type=product&#038;p=13719"},"modified":"2025-10-26T17:49:44","modified_gmt":"2025-10-26T15:49:44","slug":"a-very-nice-small-bronze-detailed-antique-romantic-dagger","status":"publish","type":"product","link":"https:\/\/thebestantique.com\/et\/product\/a-very-nice-small-bronze-detailed-antique-romantic-dagger\/","title":{"rendered":"V\u00e4ga kena v\u00e4ike pronksist Antiikne Romantiline Pistoda"},"content":{"rendered":"<p>V\u00e4ga kena v\u00e4ike pronksist Antiikne Romantiline Pistoda.<\/p>\n<p>19.sajand. Tera otsas on v\u00e4ike kahjustus.<\/p>\n<blockquote><p>M\u00f5\u00f5dud:<br \/>\nKogupikkus: 20,5 cm.<br \/>\nTera pikkus: 9 cm.<\/p><\/blockquote>\n<p><\/p>","protected":false},"excerpt":{"rendered":"<p>V\u00e4ga kena v\u00e4ike pronksist Antiikne Romantiline Pistoda.<\/p>\n<p>19.sajand. Tera otsas on v\u00e4ike kahjustus.<\/p>\n<blockquote><p>M\u00f5\u00f5dud:<br \/>\nKogupikkus: 20,5 cm.<br \/>\nTera pikkus: 9 cm.<\/p><\/blockquote>\n","protected":false},"featured_media":13714,"comment_status":"closed","ping_status":"closed","template":"","meta":{"_exactmetrics_skip_tracking":false,"_exactmetrics_sitenote_active":false,"_exactmetrics_sitenote_note":"","_exactmetrics_sitenote_category":0,"_uf_show_specific_survey":0,"_uf_disable_surveys":false},"product_brand":[],"product_cat":[421],"product_tag":[],"class_list":{"0":"post-13719","1":"product","2":"type-product","3":"status-publish","4":"has-post-thumbnail","6":"product_cat-sold-items","7":"product_shipping_class-small-item-0-500-g","9":"first","10":"outofstock","11":"shipping-taxable","12":"product-type-simple"},"aioseo_notices":[],"_links":{"self":[{"href":"https:\/\/thebestantique.com\/et\/wp-json\/wp\/v2\/product\/13719","targetHints":{"allow":["GET"]}}],"collection":[{"href":"https:\/\/thebestantique.com\/et\/wp-json\/wp\/v2\/product"}],"about":[{"href":"https:\/\/thebestantique.com\/et\/wp-json\/wp\/v2\/types\/product"}],"replies":[{"embeddable":true,"href":"https:\/\/thebestantique.com\/et\/wp-json\/wp\/v2\/comments?post=13719"}],"wp:featuredmedia":[{"embeddable":true,"href":"https:\/\/thebestantique.com\/et\/wp-json\/wp\/v2\/media\/13714"}],"wp:attachment":[{"href":"https:\/\/thebestantique.com\/et\/wp-json\/wp\/v2\/media?parent=13719"}],"wp:term":[{"taxonomy":"product_brand","embeddable":true,"href":"https:\/\/thebestantique.com\/et\/wp-json\/wp\/v2\/product_brand?post=13719"},{"taxonomy":"product_cat","embeddable":true,"href":"https:\/\/thebestantique.com\/et\/wp-json\/wp\/v2\/product_cat?post=13719"},{"taxonomy":"product_tag","embeddable":true,"href":"https:\/\/thebestantique.com\/et\/wp-json\/wp\/v2\/product_tag?post=13719"}],"curies":[{"name":"wp","href":"https:\/\/api.w.org\/{rel}","templated":true}]}}