{"id":13637,"date":"2021-02-19T17:08:54","date_gmt":"2021-02-19T15:08:54","guid":{"rendered":"https:\/\/thebestantique.com\/?post_type=product&#038;p=13637"},"modified":"2023-01-27T19:18:10","modified_gmt":"2023-01-27T17:18:10","slug":"shashka-model-1927y-without-symbols-and-stamps","status":"publish","type":"product","link":"https:\/\/thebestantique.com\/et\/product\/shashka-model-1927y-without-symbols-and-stamps\/","title":{"rendered":"Shashka Mudel-1927y. ilma s\u00fcmbolite ja templiteta."},"content":{"rendered":"<p>Shashka Mudel-1927y. ilma s\u00fcmbolite ja templiteta.<\/p>\n<p>Arvatavasti valmistati sellist t\u00fc\u00fcpi shashka eritellimusel Leedule ja Mongooliale.<\/p>\n<p>\u00c4\u00e4rmiselt haruldane n\u00e4ide!<\/p>\n<blockquote><p>M\u00f5\u00f5dud:<\/p>\n<p>Kogupikkus: 96 cm.<\/p>\n<p>Tera pikkus: 80.5 cm.<\/p>\n<p>Tera laius: 3.4 cm.<\/p><\/blockquote>\n<p><\/p>","protected":false},"excerpt":{"rendered":"<p>Shashka Mudel-1927y. ilma s\u00fcmbolite ja templiteta.<\/p>\n<p>Arvatavasti valmistati sellist t\u00fc\u00fcpi shashka eritellimusel Leedule ja Mongooliale.<\/p>\n<p>\u00c4\u00e4rmiselt haruldane n\u00e4ide!<\/p>\n<blockquote><p>M\u00f5\u00f5dud:<\/p>\n<p>Kogupikkus: 96 cm.<\/p>\n<p>Tera pikkus: 80.5 cm.<\/p>\n<p>Tera laius: 3.4 cm.<\/p><\/blockquote>\n","protected":false},"featured_media":13618,"comment_status":"closed","ping_status":"closed","template":"","meta":{"_exactmetrics_skip_tracking":false,"_exactmetrics_sitenote_active":false,"_exactmetrics_sitenote_note":"","_exactmetrics_sitenote_category":0,"_uf_show_specific_survey":0,"_uf_disable_surveys":false},"product_brand":[],"product_cat":[421],"product_tag":[1800],"class_list":{"0":"post-13637","1":"product","2":"type-product","3":"status-publish","4":"has-post-thumbnail","6":"product_cat-sold-items","7":"product_tag-shashka-1927y","8":"product_shipping_class-free-registered-shipping","10":"first","11":"outofstock","12":"sale","13":"shipping-taxable","14":"purchasable","15":"product-type-simple"},"aioseo_notices":[],"_links":{"self":[{"href":"https:\/\/thebestantique.com\/et\/wp-json\/wp\/v2\/product\/13637","targetHints":{"allow":["GET"]}}],"collection":[{"href":"https:\/\/thebestantique.com\/et\/wp-json\/wp\/v2\/product"}],"about":[{"href":"https:\/\/thebestantique.com\/et\/wp-json\/wp\/v2\/types\/product"}],"replies":[{"embeddable":true,"href":"https:\/\/thebestantique.com\/et\/wp-json\/wp\/v2\/comments?post=13637"}],"wp:featuredmedia":[{"embeddable":true,"href":"https:\/\/thebestantique.com\/et\/wp-json\/wp\/v2\/media\/13618"}],"wp:attachment":[{"href":"https:\/\/thebestantique.com\/et\/wp-json\/wp\/v2\/media?parent=13637"}],"wp:term":[{"taxonomy":"product_brand","embeddable":true,"href":"https:\/\/thebestantique.com\/et\/wp-json\/wp\/v2\/product_brand?post=13637"},{"taxonomy":"product_cat","embeddable":true,"href":"https:\/\/thebestantique.com\/et\/wp-json\/wp\/v2\/product_cat?post=13637"},{"taxonomy":"product_tag","embeddable":true,"href":"https:\/\/thebestantique.com\/et\/wp-json\/wp\/v2\/product_tag?post=13637"}],"curies":[{"name":"wp","href":"https:\/\/api.w.org\/{rel}","templated":true}]}}